{"id":7886,"date":"2018-01-21T11:15:54","date_gmt":"2018-01-21T11:15:54","guid":{"rendered":"https:\/\/wild-dots.com\/?page_id=7886"},"modified":"2020-04-22T08:31:25","modified_gmt":"2020-04-22T08:31:25","slug":"home-video","status":"publish","type":"page","link":"https:\/\/wild-dots.com\/fr\/","title":{"rendered":"PropTech et outils de marketing num\u00e9rique pour l&rsquo;immobilier"},"content":{"rendered":"<p>[vc_row css=\u00a0\u00bb.vc_custom_1550653532494{padding-top: 0px !important;padding-bottom: 0px !important;}\u00a0\u00bb el_class=\u00a0\u00bbacs-wide-section\u00a0\u00bb][vc_column][rev_slider_vc][\/vc_column][\/vc_row][vc_row css=\u00a0\u00bb.vc_custom_1551286739495{padding-top: 200px !important;padding-bottom: 100px !important;}\u00a0\u00bb el_class=\u00a0\u00bbacs-wide-section hidden-lg hidden-md\u00a0\u00bb][vc_column offset=\u00a0\u00bbvc_hidden-sm\u00a0\u00bb][vc_empty_space][vc_column_text]<\/p>\n<p style=\"text-align: center;\">Des Id\u00e9es immersives,<br \/>\nDes r\u00e9sultats impactants<\/p>\n<p>[\/vc_column_text][vc_empty_space height=\u00a0\u00bb10px\u00a0\u00bb][wyde_heading title=\u00a0\u00bbL\u2019innovation au service de l&rsquo;immobilier\u00a0\u00bb heading_color=\u00a0\u00bb#ffffff\u00a0\u00bb subheading_color=\u00a0\u00bb#4f5d8d\u00a0\u00bb el_class=\u00a0\u00bbsection-title\u00a0\u00bb][vc_empty_space height=\u00a0\u00bb70px\u00a0\u00bb][vc_single_image alignment=\u00a0\u00bbcenter\u00a0\u00bb image=\u00a0\u00bb6982&Prime;][vc_empty_space height=\u00a0\u00bb70px\u00a0\u00bb][wyde_separator el_width=\u00a0\u00bb100%\u00a0\u00bb color=\u00a0\u00bb#ffffff\u00a0\u00bb el_class=\u00a0\u00bbhidden-lg hidden-md\u00a0\u00bb][vc_empty_space height=\u00a0\u00bb70px\u00a0\u00bb][wyde_heading title=\u00a0\u00bbSimplifier la commercialisation gr\u00e2ce \u00e0 la digitalisation\u00a0\u00bb heading_color=\u00a0\u00bb#ffffff\u00a0\u00bb el_class=\u00a0\u00bbsection-title\u00a0\u00bb][vc_empty_space][vc_column_text]Wild Dots d\u00e9veloppe des \u00e9cosyst\u00e8mes num\u00e9riques avec une technologie de pointe pour cibler votre audience et attirer son attention afin d\u2019acc\u00e9l\u00e9rer vos ventes.[\/vc_column_text][vc_empty_space height=\u00a0\u00bb50px\u00a0\u00bb][vc_single_image alignment=\u00a0\u00bbcenter\u00a0\u00bb image=\u00a0\u00bb7313&Prime;][vc_empty_space][vc_column_text]<img loading=\"lazy\" class=\"floated-image alignnone wp-image-6955\" src=\"https:\/\/wild-dots.com\/wp-content\/uploads\/2019\/02\/wild-eyes-min.png\" alt=\"\" width=\"69\" height=\"63\" \/>Identifiez vos besoins, dites-nous o\u00f9 vous en \u00eates dans le cycle de vente, quel est votre but et laissez-nous le reste.[\/vc_column_text][vc_empty_space][vc_column_text]<img loading=\"lazy\" class=\"floated-image alignnone wp-image-6956\" src=\"https:\/\/wild-dots.com\/wp-content\/uploads\/2019\/02\/wild-house-min.png\" alt=\"\" width=\"69\" height=\"70\" \/>Nous analyserons votre projet et vous aiderons \u00e0 concevoir un plan strat\u00e9gique et op\u00e9rationnel sur mesure avec un syst\u00e8me enti\u00e8rement int\u00e9gr\u00e9 permettant de r\u00e9duire les co\u00fbts, d&rsquo;augmenter les revenus et de facilier la conversion de prospects.[\/vc_column_text][vc_empty_space height=\u00a0\u00bb70px\u00a0\u00bb][wyde_link_button title=\u00a0\u00bbplus d&rsquo;infos\u00a0\u00bb link=\u00a0\u00bburl:https%3A%2F%2Fwild-dots.com%2Ffr%2Fnotre-vision%2F|||\u00a0\u00bb][vc_empty_space height=\u00a0\u00bb50px\u00a0\u00bb][wyde_separator el_width=\u00a0\u00bb100%\u00a0\u00bb color=\u00a0\u00bb#ffffff\u00a0\u00bb el_class=\u00a0\u00bbhidden-lg hidden-md\u00a0\u00bb][vc_empty_space height=\u00a0\u00bb50px\u00a0\u00bb][wyde_heading title=\u00a0\u00bbDiff\u00e9renciez-vous\u00a0\u00bb heading_color=\u00a0\u00bb#ffffff\u00a0\u00bb el_class=\u00a0\u00bbsection-title\u00a0\u00bb][vc_empty_space height=\u00a0\u00bb50px\u00a0\u00bb][vc_column_text el_class=\u00a0\u00bblist-services\u00a0\u00bb]Configurateurs pour maisons en ligne<br \/>\nImagerie 3D<br \/>\nApplications VR AR MR<br \/>\nApplications sur mesure<br \/>\nAnalyse des donn\u00e9es<br \/>\nLead Generation<br \/>\nConcept produit<br \/>\nIdentit\u00e9 Visuelle<br \/>\nPositionnement du produit<br \/>\nConception et adaptation graphique<br \/>\nSupport m\u00e9dia online \/ offline<br \/>\nM\u00e9dias Sociaux[\/vc_column_text][vc_empty_space height=\u00a0\u00bb50px\u00a0\u00bb][wyde_link_button title=\u00a0\u00bbplus d&rsquo;infos\u00a0\u00bb link=\u00a0\u00bburl:https%3A%2F%2Fwild-dots.com%2Ffr%2Fsolutions%2F|||\u00a0\u00bb][vc_empty_space height=\u00a0\u00bb50px\u00a0\u00bb][wyde_separator el_width=\u00a0\u00bb100%\u00a0\u00bb color=\u00a0\u00bb#ffffff\u00a0\u00bb el_class=\u00a0\u00bbhidden-lg hidden-md\u00a0\u00bb][vc_empty_space height=\u00a0\u00bb50px\u00a0\u00bb][wyde_heading title=\u00a0\u00bbCr\u00e9ez des nouvelles opportunit\u00e9s de vente\u00a0\u00bb el_class=\u00a0\u00bbsection-title\u00a0\u00bb][vc_empty_space][vc_column_text]Gr\u00e2ce \u00e0 nos solutions int\u00e9gr\u00e9es avec des technologies avanc\u00e9es et immersives, telles que la visualisation 3D, la r\u00e9alit\u00e9 virtuelle ou encore les configurateurs, les acqu\u00e9reurs se projettent imm\u00e9diatement dans leur futur bien.[\/vc_column_text][vc_empty_space height=\u00a0\u00bb100px\u00a0\u00bb][vc_single_image alignment=\u00a0\u00bbcenter\u00a0\u00bb image=\u00a0\u00bb7642&Prime;][vc_empty_space height=\u00a0\u00bb100px\u00a0\u00bb][wyde_link_button title=\u00a0\u00bbplus d&rsquo;infos\u00a0\u00bb link=\u00a0\u00bburl:https%3A%2F%2Fwild-dots.com%2Ffr%2Fevohom%2F|||\u00a0\u00bb][vc_empty_space height=\u00a0\u00bb50px\u00a0\u00bb][wyde_separator el_width=\u00a0\u00bb100%\u00a0\u00bb color=\u00a0\u00bb#ffffff\u00a0\u00bb el_class=\u00a0\u00bbhidden-lg hidden-md\u00a0\u00bb][vc_empty_space height=\u00a0\u00bb50px\u00a0\u00bb][wyde_heading title=\u00a0\u00bbAcc\u00e9l\u00e9rez vos ventes X2*\u00a0\u00bb el_class=\u00a0\u00bbsection-title\u00a0\u00bb][vc_empty_space][vc_column_text]Nous vous aidons \u00e0 digitaliser votre chaine de valeur pour amplifier votre impact commercial. Nos solutions vous aide \u00e0 vendre vos biens immobiliers jusqu\u2019\u00e0 90% plus rapide que les strat\u00e9gies traditionnelles de vente, et ceci peu importe le stade d\u2019avancement de votre projet.\u00a0 Nous accompagnons les promoteurs, d\u00e9veloppeurs et agents immobiliers en leur apportant un support \u00e0 chaque \u00e9tape de A \u00e0 Z.\u00a0*vs. un projet immobilier utilisant uniquement des listings traditionnels.[\/vc_column_text][vc_empty_space height=\u00a0\u00bb70px\u00a0\u00bb][vc_single_image alignment=\u00a0\u00bbcenter\u00a0\u00bb image=\u00a0\u00bb7932&Prime;][vc_empty_space height=\u00a0\u00bb100px\u00a0\u00bb][wyde_link_button title=\u00a0\u00bbPr\u00eat?\u00a0\u00bb link=\u00a0\u00bburl:https%3A%2F%2Fwild-dots.com%2Ffr%2Fcontact%2F|||\u00a0\u00bb][vc_empty_space height=\u00a0\u00bb70px\u00a0\u00bb][\/vc_column][\/vc_row][vc_row el_class=\u00a0\u00bbacs-wide-section hidden-sm hidden-xs js-scroll-section\u00a0\u00bb css=\u00a0\u00bb.vc_custom_1551348002369{padding-top: 100px !important;padding-bottom: 70px !important;}\u00a0\u00bb][vc_column text_align=\u00a0\u00bbcenter\u00a0\u00bb el_class=\u00a0\u00bbparticles-centered\u00a0\u00bb][wyde_heading title=\u00a0\u00bbPr\u00eat \u00e0 \u00e9crire une nouvelle histoire?\u00a0\u00bb heading_color=\u00a0\u00bb#ffffff\u00a0\u00bb el_class=\u00a0\u00bbwrite-story-title\u00a0\u00bb][vc_empty_space height=\u00a0\u00bb50px\u00a0\u00bb][vc_raw_html]JTNDYSUyMGhyZWYlM0QlMjIlMkZmciUyRnJldHJvdXZlei1ub3VzJTIyJTIwY2xhc3MlM0QlMjJ3LWxpbmstYnV0dG9uJTIwYnRuLWV4cGxvZGUtNSUyMiUzRXBsdXMlMjBkJTI3aW5mb3MlM0MlMkZhJTNF[\/vc_raw_html][\/vc_column][\/vc_row]<\/p>\n","protected":false},"excerpt":{"rendered":"<p>[vc_row css=\u00a0\u00bb.vc_custom_1550653532494{padding-top: 0px !important;padding-bottom: 0px !important;}\u00a0\u00bb el_class=\u00a0\u00bbacs-wide-section\u00a0\u00bb][vc_column][rev_slider_vc][\/vc_column][\/vc_row][vc_row css=\u00a0\u00bb.vc_custom_1551286739495{padding-top: 200px !important;padding-bottom: 100px !important;}\u00a0\u00bb el_class=\u00a0\u00bbacs-wide-section hidden-lg hidden-md\u00a0\u00bb][vc_column offset=\u00a0\u00bbvc_hidden-sm\u00a0\u00bb][vc_empty_space][vc_column_text] Des Id\u00e9es immersives, Des r\u00e9sultats impactants [\/vc_column_text][vc_empty_space height=\u00a0\u00bb10px\u00a0\u00bb][wyde_heading title=\u00a0\u00bbL\u2019innovation au service de l&rsquo;immobilier\u00a0\u00bb heading_color=\u00a0\u00bb#ffffff\u00a0\u00bb subheading_color=\u00a0\u00bb#4f5d8d\u00a0\u00bb el_class=\u00a0\u00bbsection-title\u00a0\u00bb][vc_empty_space height=\u00a0\u00bb70px\u00a0\u00bb][vc_single_image alignment=\u00a0\u00bbcenter\u00a0\u00bb image=\u00a0\u00bb6982&Prime;][vc_empty_space height=\u00a0\u00bb70px\u00a0\u00bb][wyde_separator el_width=\u00a0\u00bb100%\u00a0\u00bb color=\u00a0\u00bb#ffffff\u00a0\u00bb el_class=\u00a0\u00bbhidden-lg hidden-md\u00a0\u00bb][vc_empty_space height=\u00a0\u00bb70px\u00a0\u00bb][wyde_heading title=\u00a0\u00bbSimplifier la commercialisation gr\u00e2ce \u00e0 la digitalisation\u00a0\u00bb heading_color=\u00a0\u00bb#ffffff\u00a0\u00bb el_class=\u00a0\u00bbsection-title\u00a0\u00bb][vc_empty_space][vc_column_text]Wild Dots d\u00e9veloppe des \u00e9cosyst\u00e8mes num\u00e9riques [&hellip;]<\/p>\n","protected":false},"author":4,"featured_media":0,"parent":0,"menu_order":0,"comment_status":"closed","ping_status":"closed","template":"","meta":{"_monsterinsights_skip_tracking":false,"_monsterinsights_sitenote_active":false,"_monsterinsights_sitenote_note":"","_monsterinsights_sitenote_category":0},"yoast_head":"<!-- This site is optimized with the Yoast SEO plugin v16.2 - https:\/\/yoast.com\/wordpress\/plugins\/seo\/ -->\n<title>PropTech et outils de marketing num\u00e9rique pour l&#039;immobilier &bull; Wild Dots<\/title>\n<meta name=\"description\" content=\"G\u00e9n\u00e9rez jusqu&#039;\u00e0 2x plus de prospects pour vos projets immobiliers en int\u00e9grant le marketing num\u00e9rique aux outils d&#039;engagement de pointe de Wild Dots.\" \/>\n<meta name=\"robots\" content=\"index, follow, max-snippet:-1, max-image-preview:large, max-video-preview:-1\" \/>\n<link rel=\"canonical\" href=\"https:\/\/wild-dots.com\/fr\/\" \/>\n<meta property=\"og:locale\" content=\"fr_FR\" \/>\n<meta property=\"og:type\" content=\"article\" \/>\n<meta property=\"og:title\" content=\"PropTech et outils de marketing num\u00e9rique pour l&#039;immobilier &bull; Wild Dots\" \/>\n<meta property=\"og:description\" content=\"G\u00e9n\u00e9rez jusqu&#039;\u00e0 2x plus de prospects pour vos projets immobiliers en int\u00e9grant le marketing num\u00e9rique aux outils d&#039;engagement de pointe de Wild Dots.\" \/>\n<meta property=\"og:url\" content=\"https:\/\/wild-dots.com\/fr\/\" \/>\n<meta property=\"og:site_name\" content=\"Wild Dots\" \/>\n<meta property=\"article:publisher\" content=\"https:\/\/www.facebook.com\/wilddots1\/\" \/>\n<meta property=\"article:modified_time\" content=\"2020-04-22T08:31:25+00:00\" \/>\n<meta property=\"og:image\" content=\"https:\/\/wild-dots.com\/wp-content\/uploads\/2019\/02\/wild-eyes-min.png\" \/>\n<meta name=\"twitter:card\" content=\"summary_large_image\" \/>\n<meta name=\"twitter:label1\" content=\"Dur\u00e9e de lecture est.\">\n\t<meta name=\"twitter:data1\" content=\"4 minutes\">\n<script type=\"application\/ld+json\" class=\"yoast-schema-graph\">{\"@context\":\"https:\/\/schema.org\",\"@graph\":[{\"@type\":\"Organization\",\"@id\":\"https:\/\/wild-dots.com\/#organization\",\"name\":\"Wild Dots\",\"url\":\"https:\/\/wild-dots.com\/\",\"sameAs\":[\"https:\/\/www.facebook.com\/wilddots1\/\",\"https:\/\/www.linkedin.com\/company\/wild-dots\/\"],\"logo\":{\"@type\":\"ImageObject\",\"@id\":\"https:\/\/wild-dots.com\/#logo\",\"inLanguage\":\"fr-FR\",\"url\":\"https:\/\/wild-dots.com\/wp-content\/uploads\/2019\/02\/wilddots_black.png\",\"contentUrl\":\"https:\/\/wild-dots.com\/wp-content\/uploads\/2019\/02\/wilddots_black.png\",\"width\":795,\"height\":213,\"caption\":\"Wild Dots\"},\"image\":{\"@id\":\"https:\/\/wild-dots.com\/#logo\"}},{\"@type\":\"WebSite\",\"@id\":\"https:\/\/wild-dots.com\/#website\",\"url\":\"https:\/\/wild-dots.com\/\",\"name\":\"Wild Dots\",\"description\":\"Innovative Digital Marketing Tools for Real Estate\",\"publisher\":{\"@id\":\"https:\/\/wild-dots.com\/#organization\"},\"potentialAction\":[{\"@type\":\"SearchAction\",\"target\":\"https:\/\/wild-dots.com\/?s={search_term_string}\",\"query-input\":\"required name=search_term_string\"}],\"inLanguage\":\"fr-FR\"},{\"@type\":\"ImageObject\",\"@id\":\"https:\/\/wild-dots.com\/fr\/#primaryimage\",\"inLanguage\":\"fr-FR\",\"url\":\"https:\/\/wild-dots.com\/wp-content\/uploads\/2019\/02\/wild-eyes-min.png\",\"contentUrl\":\"https:\/\/wild-dots.com\/wp-content\/uploads\/2019\/02\/wild-eyes-min.png\",\"width\":92,\"height\":84},{\"@type\":\"WebPage\",\"@id\":\"https:\/\/wild-dots.com\/fr\/#webpage\",\"url\":\"https:\/\/wild-dots.com\/fr\/\",\"name\":\"PropTech et outils de marketing num\\u00e9rique pour l'immobilier &bull; Wild Dots\",\"isPartOf\":{\"@id\":\"https:\/\/wild-dots.com\/#website\"},\"primaryImageOfPage\":{\"@id\":\"https:\/\/wild-dots.com\/fr\/#primaryimage\"},\"datePublished\":\"2018-01-21T11:15:54+00:00\",\"dateModified\":\"2020-04-22T08:31:25+00:00\",\"description\":\"G\\u00e9n\\u00e9rez jusqu'\\u00e0 2x plus de prospects pour vos projets immobiliers en int\\u00e9grant le marketing num\\u00e9rique aux outils d'engagement de pointe de Wild Dots.\",\"breadcrumb\":{\"@id\":\"https:\/\/wild-dots.com\/fr\/#breadcrumb\"},\"inLanguage\":\"fr-FR\",\"potentialAction\":[{\"@type\":\"ReadAction\",\"target\":[\"https:\/\/wild-dots.com\/fr\/\"]}]},{\"@type\":\"BreadcrumbList\",\"@id\":\"https:\/\/wild-dots.com\/fr\/#breadcrumb\",\"itemListElement\":[{\"@type\":\"ListItem\",\"position\":1,\"item\":{\"@type\":\"WebPage\",\"@id\":\"https:\/\/wild-dots.com\/fr\/\",\"url\":\"https:\/\/wild-dots.com\/fr\/\",\"name\":\"Home\"}},{\"@type\":\"ListItem\",\"position\":2,\"item\":{\"@id\":\"https:\/\/wild-dots.com\/fr\/#webpage\"}}]}]}<\/script>\n<!-- \/ Yoast SEO plugin. -->","_links":{"self":[{"href":"https:\/\/wild-dots.com\/fr\/wp-json\/wp\/v2\/pages\/7886"}],"collection":[{"href":"https:\/\/wild-dots.com\/fr\/wp-json\/wp\/v2\/pages"}],"about":[{"href":"https:\/\/wild-dots.com\/fr\/wp-json\/wp\/v2\/types\/page"}],"author":[{"embeddable":true,"href":"https:\/\/wild-dots.com\/fr\/wp-json\/wp\/v2\/users\/4"}],"replies":[{"embeddable":true,"href":"https:\/\/wild-dots.com\/fr\/wp-json\/wp\/v2\/comments?post=7886"}],"version-history":[{"count":42,"href":"https:\/\/wild-dots.com\/fr\/wp-json\/wp\/v2\/pages\/7886\/revisions"}],"predecessor-version":[{"id":8921,"href":"https:\/\/wild-dots.com\/fr\/wp-json\/wp\/v2\/pages\/7886\/revisions\/8921"}],"wp:attachment":[{"href":"https:\/\/wild-dots.com\/fr\/wp-json\/wp\/v2\/media?parent=7886"}],"curies":[{"name":"wp","href":"https:\/\/api.w.org\/{rel}","templated":true}]}}