{"id":8459,"date":"2019-03-07T12:13:44","date_gmt":"2019-03-07T12:13:44","guid":{"rendered":"https:\/\/wild-dots.com\/?page_id=8459"},"modified":"2020-04-29T07:13:23","modified_gmt":"2020-04-29T07:13:23","slug":"notre-vision","status":"publish","type":"page","link":"https:\/\/wild-dots.com\/fr\/notre-vision\/","title":{"rendered":"\u00c0 propos de nous"},"content":{"rendered":"<p>[vc_row el_class=\u00a0\u00bbacs-wide-section\u00a0\u00bb css=\u00a0\u00bb.vc_custom_1550221244201{padding-top: 200px !important;padding-bottom: 100px !important;}\u00a0\u00bb][vc_column width=\u00a0\u00bb1\/2&Prime; animation=\u00a0\u00bbfadeIn\u00a0\u00bb][vc_raw_html]JTNDaDElMjBjbGFzcyUzRCUyMnRpdGxlLXRleHQlMjIlM0UlMEElMjBOb3RyZSUyMFZpc2lvbiUwQSUzQyUyRmgxJTNF[\/vc_raw_html][vc_empty_space height=\u00a0\u00bb50px\u00a0\u00bb el_class=\u00a0\u00bbhidden-sm hidden-xs\u00a0\u00bb][vc_column_text]<\/p>\n<h2>Rendre l\u2019immobilier simple et fun<\/h2>\n<p>[\/vc_column_text][\/vc_column][\/vc_row][vc_row css=\u00a0\u00bb.vc_custom_1551192833922{padding-bottom: 200px !important;}\u00a0\u00bb el_class=\u00a0\u00bbacs-wide-section\u00a0\u00bb][vc_column width=\u00a0\u00bb5\/12&Prime; offset=\u00a0\u00bbvc_col-lg-offset-1 vc_col-md-offset-0&Prime;][vc_column_text]<img loading=\"lazy\" class=\"floated-image alignnone wp-image-7579\" src=\"https:\/\/wild-dots.com\/wp-content\/uploads\/2019\/02\/building-icon.png\" alt=\"\" width=\"75\" height=\"75\" \/>Nous voulons rendre l\u2019immobilier simple et fun pour les acheteurs et les promoteurs en cr\u00e9ant des outils simples qui leur permettront de s\u2019immerger dans l\u2019espace, s\u2019instruire sur les informations cl\u00e9s ou simplifier les transactions.[\/vc_column_text][\/vc_column][vc_column width=\u00a0\u00bb5\/12&Prime; offset=\u00a0\u00bbvc_col-lg-offset-1&Prime;][vc_column_text]<img loading=\"lazy\" class=\"floated-image alignnone wp-image-7580\" src=\"https:\/\/wild-dots.com\/wp-content\/uploads\/2019\/02\/screen-icon.png\" alt=\"\" width=\"74\" height=\"65\" \/>Nous vous aidons \u00e0 digitaliser votre cha\u00eene de valeur en utilisant des technologies de pointe telles que la visualisation 3D, l\u2019int\u00e9gration de services et l\u2019analyse de donn\u00e9es afin que les professionnels de l&rsquo;immobilier puissent acc\u00e9l\u00e9rez leur rythme de vente.[\/vc_column_text][\/vc_column][\/vc_row][vc_row el_class=\u00a0\u00bbacs-wide-section\u00a0\u00bb css=\u00a0\u00bb.vc_custom_1550160603547{padding-top: 150px !important;padding-bottom: 100px !important;}\u00a0\u00bb][vc_column width=\u00a0\u00bb1\/4&Prime; css=\u00a0\u00bb.vc_custom_1551779616960{margin-top: -155px !important;padding-top: 0px !important;}\u00a0\u00bb animation=\u00a0\u00bbfadeInUp\u00a0\u00bb animation_delay=\u00a0\u00bb0.3&Prime; offset=\u00a0\u00bbvc_hidden-sm vc_hidden-xs\u00a0\u00bb el_class=\u00a0\u00bbour-vision-marged-content\u00a0\u00bb][vc_column_text]<\/p>\n<h2 style=\"text-align: left;\">L&rsquo;Equipe<br \/>\nCreative<\/h2>\n<p>&nbsp;<\/p>\n<p style=\"margin-bottom: 0; margin-top: 35px;\">Voici l&rsquo;\u00e9quipe!<\/p>\n<p>Ils attendent impatiamment votre prochaine id\u00e9e! Caf\u00e9?[\/vc_column_text][\/vc_column][vc_column width=\u00a0\u00bb3\/4&Prime; offset=\u00a0\u00bbvc_col-lg-offset-0 vc_col-md-offset-0 vc_col-sm-offset-0&Prime; css=\u00a0\u00bb.vc_custom_1554847454987{margin-top: -150px !important;}\u00a0\u00bb el_class=\u00a0\u00bbour-vision-marged-content\u00a0\u00bb][vc_row_inner][vc_column_inner background_style=\u00a0\u00bbcover\u00a0\u00bb width=\u00a0\u00bb1\/3&Prime; el_class=\u00a0\u00bbteam-member\u00a0\u00bb animation=\u00a0\u00bbfadeIn\u00a0\u00bb animation_delay=\u00a0\u00bb1&Prime; offset=\u00a0\u00bbvc_col-lg-4 vc_col-md-6&Prime; background_image=\u00a0\u00bb8821&Prime; bg_image_url=\u00a0\u00bbhttps:\/\/wild-dots.com\/wp-content\/uploads\/2019\/04\/Tafsir_BA-150&#215;150.jpg\u00a0\u00bb][wyde_heading style=\u00a0\u00bb2&Prime; title=\u00a0\u00bbTafsir<br \/>\nBA\u00a0\u00bb heading_color=\u00a0\u00bb#ffffff\u00a0\u00bb subheading_color=\u00a0\u00bb#ffffff\u00a0\u00bb subheading=\u00a0\u00bbStrat\u00e9gie Produit &#8211; Co\u2011Fondateur\u00a0\u00bb][\/vc_column_inner][vc_column_inner background_style=\u00a0\u00bbcover\u00a0\u00bb width=\u00a0\u00bb1\/3&Prime; el_class=\u00a0\u00bbteam-member\u00a0\u00bb animation=\u00a0\u00bbfadeIn\u00a0\u00bb animation_delay=\u00a0\u00bb1.5&Prime; offset=\u00a0\u00bbvc_col-lg-4 vc_col-md-6&Prime; background_image=\u00a0\u00bb8823&Prime; bg_image_url=\u00a0\u00bbhttps:\/\/wild-dots.com\/wp-content\/uploads\/2019\/04\/Vanessa_Francis-150&#215;150.jpg\u00a0\u00bb][wyde_heading style=\u00a0\u00bb2&Prime; title=\u00a0\u00bbVanessa<br \/>\nFrancis\u00a0\u00bb heading_color=\u00a0\u00bb#ffffff\u00a0\u00bb subheading_color=\u00a0\u00bb#ffffff\u00a0\u00bb subheading=\u00a0\u00bbAcquisition de Talents &amp; Op\u00e9rations Co\u2011Fondateur\u00a0\u00bb][\/vc_column_inner][vc_column_inner background_style=\u00a0\u00bbcover\u00a0\u00bb width=\u00a0\u00bb1\/3&Prime; el_class=\u00a0\u00bbteam-member\u00a0\u00bb animation=\u00a0\u00bbfadeIn\u00a0\u00bb animation_delay=\u00a0\u00bb2&Prime; offset=\u00a0\u00bbvc_col-lg-4 vc_col-md-6&Prime; background_image=\u00a0\u00bb8819&Prime; bg_image_url=\u00a0\u00bbhttps:\/\/wild-dots.com\/wp-content\/uploads\/2019\/04\/Sandro_Medina-150&#215;150.jpg\u00a0\u00bb][wyde_heading style=\u00a0\u00bb2&Prime; title=\u00a0\u00bbSandro<br \/>\nM\u00e9dina\u00a0\u00bb heading_color=\u00a0\u00bb#ffffff\u00a0\u00bb subheading_color=\u00a0\u00bb#ffffff\u00a0\u00bb el_class=\u00a0\u00bbteam-membe\u00a0\u00bb subheading=\u00a0\u00bbD\u00e9veloppement Commercial Co\u2011Fondateur\u00a0\u00bb][\/vc_column_inner][\/vc_row_inner][vc_row_inner][vc_column_inner background_style=\u00a0\u00bbcover\u00a0\u00bb width=\u00a0\u00bb1\/3&Prime; el_class=\u00a0\u00bbteam-member\u00a0\u00bb animation=\u00a0\u00bbfadeIn\u00a0\u00bb offset=\u00a0\u00bbvc_col-lg-4 vc_col-md-6&Prime; background_image=\u00a0\u00bb8811&Prime; bg_image_url=\u00a0\u00bbhttps:\/\/wild-dots.com\/wp-content\/uploads\/2019\/04\/Amandine_Grou\u00e8s-150&#215;150.jpg\u00a0\u00bb][wyde_heading style=\u00a0\u00bb2&Prime; title=\u00a0\u00bbAmandineGrou\u00e8s\u00a0\u00bb heading_color=\u00a0\u00bb#ffffff\u00a0\u00bb subheading_color=\u00a0\u00bb#ffffff\u00a0\u00bb subheading=\u00a0\u00bbSenior Key Account Executive\u00a0\u00bb][\/vc_column_inner][vc_column_inner background_style=\u00a0\u00bbcover\u00a0\u00bb width=\u00a0\u00bb1\/3&Prime; el_class=\u00a0\u00bbteam-member\u00a0\u00bb animation=\u00a0\u00bbfadeIn\u00a0\u00bb animation_delay=\u00a0\u00bb0.5&Prime; offset=\u00a0\u00bbvc_col-lg-4 vc_col-md-6&Prime; background_image=\u00a0\u00bb8817&Prime; bg_image_url=\u00a0\u00bbhttps:\/\/wild-dots.com\/wp-content\/uploads\/2019\/04\/Martina_Mounier-150&#215;150.jpg\u00a0\u00bb][wyde_heading style=\u00a0\u00bb2&Prime; title=\u00a0\u00bbMartina<br \/>\nMounier\u00a0\u00bb heading_color=\u00a0\u00bb#ffffff\u00a0\u00bb subheading_color=\u00a0\u00bb#ffffff\u00a0\u00bb subheading=\u00a0\u00bbD\u00e9veloppement Produit &amp; Cr\u00e9a\u00a0\u00bb][\/vc_column_inner][vc_column_inner background_style=\u00a0\u00bbcover\u00a0\u00bb width=\u00a0\u00bb1\/3&Prime; el_class=\u00a0\u00bbteam-member\u00a0\u00bb animation=\u00a0\u00bbfadeIn\u00a0\u00bb animation_delay=\u00a0\u00bb1&Prime; offset=\u00a0\u00bbvc_col-lg-4 vc_col-md-6&Prime; background_image=\u00a0\u00bb8872&Prime; bg_image_url=\u00a0\u00bbhttps:\/\/wild-dots.com\/wp-content\/uploads\/2019\/06\/0-150&#215;150.jpeg\u00a0\u00bb][wyde_heading style=\u00a0\u00bb2&Prime; title=\u00a0\u00bbMykola Slobodian\u00a0\u00bb heading_color=\u00a0\u00bb#ffffff\u00a0\u00bb subheading_color=\u00a0\u00bb#ffffff\u00a0\u00bb el_class=\u00a0\u00bbteam-membe\u00a0\u00bb subheading=\u00a0\u00bbCTO Co-Fondateur\u00a0\u00bb][\/vc_column_inner][\/vc_row_inner][vc_row_inner][vc_column_inner background_style=\u00a0\u00bbcover\u00a0\u00bb width=\u00a0\u00bb1\/3&Prime; el_class=\u00a0\u00bbteam-member\u00a0\u00bb animation=\u00a0\u00bbfadeIn\u00a0\u00bb offset=\u00a0\u00bbvc_col-lg-4 vc_col-md-6&Prime; background_image=\u00a0\u00bb8825&Prime; bg_image_url=\u00a0\u00bbhttps:\/\/wild-dots.com\/wp-content\/uploads\/2019\/04\/Youssef_Broumi-150&#215;150.jpg\u00a0\u00bb][wyde_heading style=\u00a0\u00bb2&Prime; title=\u00a0\u00bbYoussef Broumi\u00a0\u00bb heading_color=\u00a0\u00bb#ffffff\u00a0\u00bb subheading_color=\u00a0\u00bb#ffffff\u00a0\u00bb subheading=\u00a0\u00bbUI UX Designer\u00a0\u00bb][\/vc_column_inner][vc_column_inner background_style=\u00a0\u00bbcover\u00a0\u00bb width=\u00a0\u00bb1\/3&Prime; el_class=\u00a0\u00bbteam-member\u00a0\u00bb animation=\u00a0\u00bbfadeIn\u00a0\u00bb animation_delay=\u00a0\u00bb0.5&Prime; offset=\u00a0\u00bbvc_col-lg-4 vc_col-md-6&Prime; background_image=\u00a0\u00bb8880&Prime; bg_image_url=\u00a0\u00bbhttps:\/\/wild-dots.com\/wp-content\/uploads\/2019\/06\/Screenshot-2019-06-14-at-16.28.26-150&#215;150.png\u00a0\u00bb][wyde_heading style=\u00a0\u00bb2&Prime; title=\u00a0\u00bbLidia Minguez\u00a0\u00bb heading_color=\u00a0\u00bb#ffffff\u00a0\u00bb subheading_color=\u00a0\u00bb#ffffff\u00a0\u00bb subheading=\u00a0\u00bbGraphic Designer\u00a0\u00bb][\/vc_column_inner][vc_column_inner background_style=\u00a0\u00bbcover\u00a0\u00bb width=\u00a0\u00bb1\/3&Prime; el_class=\u00a0\u00bbteam-member\u00a0\u00bb animation=\u00a0\u00bbfadeIn\u00a0\u00bb animation_delay=\u00a0\u00bb1&Prime; offset=\u00a0\u00bbvc_col-lg-4 vc_col-md-6&Prime; background_image=\u00a0\u00bb8880&Prime; bg_image_url=\u00a0\u00bbhttps:\/\/wild-dots.com\/wp-content\/uploads\/2019\/06\/Screenshot-2019-06-14-at-16.28.26-150&#215;150.png\u00a0\u00bb][wyde_heading style=\u00a0\u00bb2&Prime; title=\u00a0\u00bbHind Laanouni\u00a0\u00bb heading_color=\u00a0\u00bb#ffffff\u00a0\u00bb subheading_color=\u00a0\u00bb#ffffff\u00a0\u00bb el_class=\u00a0\u00bbteam-membe\u00a0\u00bb subheading=\u00a0\u00bbJunior Key Account Executive\u00a0\u00bb][\/vc_column_inner][\/vc_row_inner][\/vc_column][\/vc_row]<\/p>\n","protected":false},"excerpt":{"rendered":"<p>[vc_row el_class=\u00a0\u00bbacs-wide-section\u00a0\u00bb css=\u00a0\u00bb.vc_custom_1550221244201{padding-top: 200px !important;padding-bottom: 100px !important;}\u00a0\u00bb][vc_column width=\u00a0\u00bb1\/2&Prime; animation=\u00a0\u00bbfadeIn\u00a0\u00bb][vc_raw_html]JTNDaDElMjBjbGFzcyUzRCUyMnRpdGxlLXRleHQlMjIlM0UlMEElMjBOb3RyZSUyMFZpc2lvbiUwQSUzQyUyRmgxJTNF[\/vc_raw_html][vc_empty_space height=\u00a0\u00bb50px\u00a0\u00bb el_class=\u00a0\u00bbhidden-sm hidden-xs\u00a0\u00bb][vc_column_text] Rendre l\u2019immobilier simple et fun [\/vc_column_text][\/vc_column][\/vc_row][vc_row css=\u00a0\u00bb.vc_custom_1551192833922{padding-bottom: 200px !important;}\u00a0\u00bb el_class=\u00a0\u00bbacs-wide-section\u00a0\u00bb][vc_column width=\u00a0\u00bb5\/12&Prime; offset=\u00a0\u00bbvc_col-lg-offset-1 vc_col-md-offset-0&Prime;][vc_column_text]Nous voulons rendre l\u2019immobilier simple et fun pour les acheteurs et les promoteurs en cr\u00e9ant des outils simples qui leur permettront de s\u2019immerger dans l\u2019espace, s\u2019instruire sur les informations cl\u00e9s ou [&hellip;]<\/p>\n","protected":false},"author":4,"featured_media":0,"parent":0,"menu_order":0,"comment_status":"closed","ping_status":"closed","template":"","meta":{"_monsterinsights_skip_tracking":false,"_monsterinsights_sitenote_active":false,"_monsterinsights_sitenote_note":"","_monsterinsights_sitenote_category":0},"yoast_head":"<!-- This site is optimized with the Yoast SEO plugin v16.2 - https:\/\/yoast.com\/wordpress\/plugins\/seo\/ -->\n<title>\u00c0 propos de nous &bull; Wild Dots<\/title>\n<meta name=\"description\" content=\"Nous d\u00e9veloppons des \u00e9cosyst\u00e8mes num\u00e9riques puissants afin que les acheteurs et les promoteurs immobiliers puissent atteindre et se connecter avec le public potentiel pour une conversion plus rapide.\" \/>\n<meta name=\"robots\" content=\"index, follow, max-snippet:-1, max-image-preview:large, max-video-preview:-1\" \/>\n<link rel=\"canonical\" href=\"https:\/\/wild-dots.com\/fr\/notre-vision\/\" \/>\n<meta property=\"og:locale\" content=\"fr_FR\" \/>\n<meta property=\"og:type\" content=\"article\" \/>\n<meta property=\"og:title\" content=\"\u00c0 propos de nous &bull; Wild Dots\" \/>\n<meta property=\"og:description\" content=\"Nous d\u00e9veloppons des \u00e9cosyst\u00e8mes num\u00e9riques puissants afin que les acheteurs et les promoteurs immobiliers puissent atteindre et se connecter avec le public potentiel pour une conversion plus rapide.\" \/>\n<meta property=\"og:url\" content=\"https:\/\/wild-dots.com\/fr\/notre-vision\/\" \/>\n<meta property=\"og:site_name\" content=\"Wild Dots\" \/>\n<meta property=\"article:publisher\" content=\"https:\/\/www.facebook.com\/wilddots1\/\" \/>\n<meta property=\"article:modified_time\" content=\"2020-04-29T07:13:23+00:00\" \/>\n<meta property=\"og:image\" content=\"https:\/\/wild-dots.com\/wp-content\/uploads\/2019\/02\/building-icon.png\" \/>\n<meta name=\"twitter:card\" content=\"summary_large_image\" \/>\n<meta name=\"twitter:label1\" content=\"Dur\u00e9e de lecture est.\">\n\t<meta name=\"twitter:data1\" content=\"4 minutes\">\n<script type=\"application\/ld+json\" class=\"yoast-schema-graph\">{\"@context\":\"https:\/\/schema.org\",\"@graph\":[{\"@type\":\"Organization\",\"@id\":\"https:\/\/wild-dots.com\/#organization\",\"name\":\"Wild Dots\",\"url\":\"https:\/\/wild-dots.com\/\",\"sameAs\":[\"https:\/\/www.facebook.com\/wilddots1\/\",\"https:\/\/www.linkedin.com\/company\/wild-dots\/\"],\"logo\":{\"@type\":\"ImageObject\",\"@id\":\"https:\/\/wild-dots.com\/#logo\",\"inLanguage\":\"fr-FR\",\"url\":\"https:\/\/wild-dots.com\/wp-content\/uploads\/2019\/02\/wilddots_black.png\",\"contentUrl\":\"https:\/\/wild-dots.com\/wp-content\/uploads\/2019\/02\/wilddots_black.png\",\"width\":795,\"height\":213,\"caption\":\"Wild Dots\"},\"image\":{\"@id\":\"https:\/\/wild-dots.com\/#logo\"}},{\"@type\":\"WebSite\",\"@id\":\"https:\/\/wild-dots.com\/#website\",\"url\":\"https:\/\/wild-dots.com\/\",\"name\":\"Wild Dots\",\"description\":\"Innovative Digital Marketing Tools for Real Estate\",\"publisher\":{\"@id\":\"https:\/\/wild-dots.com\/#organization\"},\"potentialAction\":[{\"@type\":\"SearchAction\",\"target\":\"https:\/\/wild-dots.com\/?s={search_term_string}\",\"query-input\":\"required name=search_term_string\"}],\"inLanguage\":\"fr-FR\"},{\"@type\":\"ImageObject\",\"@id\":\"https:\/\/wild-dots.com\/fr\/notre-vision\/#primaryimage\",\"inLanguage\":\"fr-FR\",\"url\":\"https:\/\/wild-dots.com\/wp-content\/uploads\/2019\/02\/building-icon.png\",\"contentUrl\":\"https:\/\/wild-dots.com\/wp-content\/uploads\/2019\/02\/building-icon.png\",\"width\":92,\"height\":92},{\"@type\":\"WebPage\",\"@id\":\"https:\/\/wild-dots.com\/fr\/notre-vision\/#webpage\",\"url\":\"https:\/\/wild-dots.com\/fr\/notre-vision\/\",\"name\":\"\\u00c0 propos de nous &bull; Wild Dots\",\"isPartOf\":{\"@id\":\"https:\/\/wild-dots.com\/#website\"},\"primaryImageOfPage\":{\"@id\":\"https:\/\/wild-dots.com\/fr\/notre-vision\/#primaryimage\"},\"datePublished\":\"2019-03-07T12:13:44+00:00\",\"dateModified\":\"2020-04-29T07:13:23+00:00\",\"description\":\"Nous d\\u00e9veloppons des \\u00e9cosyst\\u00e8mes num\\u00e9riques puissants afin que les acheteurs et les promoteurs immobiliers puissent atteindre et se connecter avec le public potentiel pour une conversion plus rapide.\",\"breadcrumb\":{\"@id\":\"https:\/\/wild-dots.com\/fr\/notre-vision\/#breadcrumb\"},\"inLanguage\":\"fr-FR\",\"potentialAction\":[{\"@type\":\"ReadAction\",\"target\":[\"https:\/\/wild-dots.com\/fr\/notre-vision\/\"]}]},{\"@type\":\"BreadcrumbList\",\"@id\":\"https:\/\/wild-dots.com\/fr\/notre-vision\/#breadcrumb\",\"itemListElement\":[{\"@type\":\"ListItem\",\"position\":1,\"item\":{\"@type\":\"WebPage\",\"@id\":\"https:\/\/wild-dots.com\/fr\/\",\"url\":\"https:\/\/wild-dots.com\/fr\/\",\"name\":\"Home\"}},{\"@type\":\"ListItem\",\"position\":2,\"item\":{\"@id\":\"https:\/\/wild-dots.com\/fr\/notre-vision\/#webpage\"}}]}]}<\/script>\n<!-- \/ Yoast SEO plugin. -->","_links":{"self":[{"href":"https:\/\/wild-dots.com\/fr\/wp-json\/wp\/v2\/pages\/8459"}],"collection":[{"href":"https:\/\/wild-dots.com\/fr\/wp-json\/wp\/v2\/pages"}],"about":[{"href":"https:\/\/wild-dots.com\/fr\/wp-json\/wp\/v2\/types\/page"}],"author":[{"embeddable":true,"href":"https:\/\/wild-dots.com\/fr\/wp-json\/wp\/v2\/users\/4"}],"replies":[{"embeddable":true,"href":"https:\/\/wild-dots.com\/fr\/wp-json\/wp\/v2\/comments?post=8459"}],"version-history":[{"count":45,"href":"https:\/\/wild-dots.com\/fr\/wp-json\/wp\/v2\/pages\/8459\/revisions"}],"predecessor-version":[{"id":9006,"href":"https:\/\/wild-dots.com\/fr\/wp-json\/wp\/v2\/pages\/8459\/revisions\/9006"}],"wp:attachment":[{"href":"https:\/\/wild-dots.com\/fr\/wp-json\/wp\/v2\/media?parent=8459"}],"curies":[{"name":"wp","href":"https:\/\/api.w.org\/{rel}","templated":true}]}}