{"id":8464,"date":"2019-03-07T12:23:51","date_gmt":"2019-03-07T12:23:51","guid":{"rendered":"https:\/\/wild-dots.com\/?page_id=8464"},"modified":"2020-07-27T07:16:35","modified_gmt":"2020-07-27T07:16:35","slug":"evohom","status":"publish","type":"page","link":"https:\/\/wild-dots.com\/fr\/evohom\/","title":{"rendered":"Evohom 2.0 &#8211; configurateur de maison"},"content":{"rendered":"<p>[vc_row el_class=\u00a0\u00bbacs-wide-section\u00a0\u00bb css=\u00a0\u00bb.vc_custom_1550661071574{padding-top: 200px !important;padding-bottom: 100px !important;}\u00a0\u00bb][vc_column animation=\u00a0\u00bbfadeIn\u00a0\u00bb][vc_raw_html]JTNDaDElMjBjbGFzcyUzRCUyMnRpdGxlLXRleHQlMjIlMjBzdHlsZSUzRCUyMmNvbG9yJTNBJTIwYmxhY2slMjIlM0UlMEFFdm9ob20lMjAyLjAlMEElM0MlMkZoMSUzRQ==[\/vc_raw_html][vc_empty_space height=\u00a0\u00bb10px\u00a0\u00bb][vc_column_text]Projettez-vous dans votre future propri\u00e9t\u00e9<span class=\"highlight\"><span class=\"highlight\">\u00a0<\/span><\/span>en quelques clics gr\u00e2ce \u00e0 la nouvelle version de notre configurateur en ligne.[\/vc_column_text][\/vc_column][\/vc_row][vc_row el_class=\u00a0\u00bbacs-wide-section evohom-content\u00a0\u00bb][vc_column width=\u00a0\u00bb1\/2&Prime;][vc_single_image alignment=\u00a0\u00bbcenter\u00a0\u00bb image=\u00a0\u00bb7384&Prime; el_class=\u00a0\u00bbevohome-image\u00a0\u00bb][\/vc_column][vc_column width=\u00a0\u00bb5\/12&Prime; offset=\u00a0\u00bbvc_col-lg-offset-1 vc_col-md-offset-1&Prime;][wyde_heading subheading_tag=\u00a0\u00bbh2&Prime; style=\u00a0\u00bb2&Prime; text_align=\u00a0\u00bbleft\u00a0\u00bb title=\u00a0\u00bbRed\u00e9finir votre exp\u00e9rience de l\u2019achat de propri\u00e9t\u00e9\u00a0\u00bb heading_color=\u00a0\u00bb#000000&Prime; subheading_color=\u00a0\u00bb#000000&Prime; el_class=\u00a0\u00bbsection-title\u00a0\u00bb][vc_empty_space height=\u00a0\u00bb35px\u00a0\u00bb][vc_column_text]L\u2019achat d\u2019une maison dans un programme neuf n\u2019est pas toujours facile : C&rsquo;est un processus compliqu\u00e9 qui comprend beaucoup de questions : \u00ab\u00a0\u00c0 quoi ressemblera ma propri\u00e9t\u00e9 ?\u00a0\u00bb, \u00a0\u00bb Combien va-t-elle me co\u00fbter ?\u00a0\u00bb, \u00ab\u00a0Puis-je la personnaliser?\u00a0\u00bb, \u00ab\u00a0Quand puis-je voir les plans finaux?\u00a0\u00bb, \u00ab\u00a0Quand la maison sera-t-elle pr\u00eate?\u00a0\u00bb<\/p>\n<p>Nous avons d\u00e9cid\u00e9 de cr\u00e9er un outil qui vous permet d&rsquo;aider les acqu\u00e9reurs potentiels \u00e0 traiter tous ces probl\u00e8mes en moins de 5 minutes en ligne.[\/vc_column_text][vc_empty_space height=\u00a0\u00bb20px\u00a0\u00bb][vc_raw_html]JTNDYSUyMGNsYXNzJTNEJTIydy1saW5rLWJ1dHRvbiUyMGxhcmdlJTIwbm9uZSUyMGJ0bi1zZWNvbmRhcnklMjBzbW9vdGglMjBidG4tZGFyayUyMiUyMHN0eWxlJTNEJTIyY29sb3IlM0FibGFjayUzQiUyMGZsb2F0JTNBcmlnaHQlMjIlMjBocmVmJTNEJTIyJTIzdmlkZW8lMjIlM0UlMjAlMjAlMjAlMEElMjAlMjAlMjAlMjAlM0NzcGFuJTIwY2xhc3MlM0QlMjJ3LWJvcmRlciUyMiUzRSUzQyUyRnNwYW4lM0UlMEElMjAlMjAlMjAlMjAlMjAlMjAlMjAlMjAlMjAlMjAlMjAlMjAlM0NzcGFuJTIwY2xhc3MlM0QlMjJ3LWJ1dHRvbi10ZXh0JTIyJTNFJTBBJTIwJTIwJTIwJTIwJTIwJTIwJTIwJTIwRCVDMyVBOWNvdXZyZXolMjBsYSUyMGQlQzMlQTltbyUyMCUyMCUyMCUyMCUzQyUyRnNwYW4lM0UlMEElMjAlMjAlMjAlMjAlM0MlMkZhJTNF[\/vc_raw_html][vc_empty_space height=\u00a0\u00bb100px\u00a0\u00bb el_class=\u00a0\u00bbhidden-sm hidden-sm\u00a0\u00bb][vc_column_text el_class=\u00a0\u00bbfeatured-content\u00a0\u00bb]<\/p>\n<h3>Une solution disponible d\u00e8s maintenant<\/h3>\n<p>Evohom\u00a0est la solution phare de Wild Dots : un configurateur de maison en ligne offrant des possibilit\u00e9s infinies et une r\u00e9volution pour l&rsquo;immobilier. Evohom c&rsquo;est permettre aux acheteurs de personnaliser leurs d\u00e9cisions d&rsquo;achat de maison. C&rsquo;est une solution qui est disponible, pour les professionels de l&rsquo;immobilier, d\u00e8s aujourd&rsquo;hui.[\/vc_column_text][\/vc_column][\/vc_row][vc_row css=\u00a0\u00bb.vc_custom_1551110488052{padding-top: 0px !important;padding-bottom: 100px !important;}\u00a0\u00bb el_class=\u00a0\u00bbacs-wide-section\u00a0\u00bb el_id=\u00a0\u00bbvideo\u00a0\u00bb][vc_column offset=\u00a0\u00bbvc_col-lg-offset-0 vc_col-md-offset-0&Prime;][vc_raw_html]JTNDYSUyMGRhdGEtZmFuY3lib3glMjBocmVmJTNEJTIyaHR0cHMlM0ElMkYlMkZ3d3cueW91dHViZS5jb20lMkZ3YXRjaCUzRnYlM0R2OTlndWpTbVZwbyUyMiUyMGNsYXNzJTNEJTIyZmFuY3lib3glMjIlM0UlMEElM0NkaXYlMjBjbGFzcyUzRCUyMmV2by1jb250YWluZXIlMjIlM0UlM0NpbWclMjB3aWR0aCUzRCUyMjE1NzAlMjIlMjBoZWlnaHQlM0QlMjI2MDAlMjIlMjBzdHlsZSUzRCUyMndpZHRoJTNBJTIwMTI1MHB4JTNCZGlzcGxheSUzQSUyMGJsb2NrJTNCbWFyZ2luJTNBJTIwMCUyMGF1dG8lM0JtYXgtd2lkdGglM0ElMjAxMDAlMjUlM0IlMjIlMjBzcmMlM0QlMjIlMkZ3cC1jb250ZW50JTJGdXBsb2FkcyUyRjIwMTklMkYwMyUyRkNvbmZpZ3VyYXRldXIucG5nJTIyJTJGJTNFJTNDJTJGZGl2JTNFJTNDJTJGYSUzRQ==[\/vc_raw_html][\/vc_column][\/vc_row][vc_row el_class=\u00a0\u00bbacs-wide-section\u00a0\u00bb][vc_column width=\u00a0\u00bb1\/2&Prime;][wyde_heading title_tag=\u00a0\u00bbh3&Prime; text_align=\u00a0\u00bbleft\u00a0\u00bb title=\u00a0\u00bbPersonnaliser sa maison\u00a0\u00bb heading_color=\u00a0\u00bb#000000&Prime; el_class=\u00a0\u00bbsmall-title\u00a0\u00bb][vc_empty_space height=\u00a0\u00bb50px\u00a0\u00bb][vc_column_text]<img loading=\"lazy\" class=\"alignleft\" src=\"https:\/\/wild-dots.com\/wp-content\/uploads\/2019\/02\/360.png\" alt=\"\" width=\"60\" height=\"69\" \/>Visualisez en 360, d\u00e9couvrez les \u00e9spaces int\u00e9rieurs comme si vous y \u00e9tiez. Evohom simplifie la compr\u00e9hension de l&rsquo;architecture en quelques clics.[\/vc_column_text][vc_row_inner][vc_column_inner width=\u00a0\u00bb1\/4&Prime;][\/vc_column_inner][vc_column_inner width=\u00a0\u00bb3\/4&Prime; css=\u00a0\u00bb.vc_custom_1551787890222{padding-left: 0px !important;}\u00a0\u00bb][vc_empty_space height=\u00a0\u00bb50px\u00a0\u00bb][vc_raw_html]JTNDYSUyMGhyZWYlM0QlMjIlMkZmciUyRnBvcnRmb2xpbyUyRiUyMiUyMHN0eWxlJTNEJTIyY29sb3IlM0ElMjBibGFjayUzQiUyMGJveC1zaGFkb3clM0ElMjBub25lJTIwJTIxaW1wb3J0YW50JTNCJTIyJTIwY2xhc3MlM0QlMjJ3LWxpbmstYnV0dG9uJTIwYnRuLWV4cGxvZGUlMjIlM0VwbHVzJTIwZCVFMiU4MCU5OWluZm9zJTIwJTNDJTJGYSUzRQ==[\/vc_raw_html][\/vc_column_inner][\/vc_row_inner][\/vc_column][vc_column width=\u00a0\u00bb1\/2&Prime;][wyde_heading title_tag=\u00a0\u00bbh3&Prime; text_align=\u00a0\u00bbleft\u00a0\u00bb title=\u00a0\u00bbConstruisez votre propri\u00e9t\u00e9 id\u00e9ale\u00a0\u00bb heading_color=\u00a0\u00bb#000000&Prime; el_class=\u00a0\u00bbsmall-title\u00a0\u00bb][vc_empty_space height=\u00a0\u00bb50px\u00a0\u00bb][vc_column_text]<img loading=\"lazy\" class=\"alignleft\" src=\"https:\/\/wild-dots.com\/wp-content\/uploads\/2019\/02\/app.png\" alt=\"\" width=\"60\" height=\"61\" \/>En quelques clics, vous pouvez customiser votre espace de vie id\u00e9ale &#8211; choisissez le nombre de pi\u00e8ces, le type de sol que vous pr\u00e9f\u00e9rez, d\u00e9corez votre maison avec des int\u00e9rieurs \u00e9l\u00e9gants ou peignez-la avec des couleurs \u00e9clatantes.[\/vc_column_text][vc_row_inner][vc_column_inner width=\u00a0\u00bb1\/4&Prime;][\/vc_column_inner][vc_column_inner width=\u00a0\u00bb3\/4&Prime; css=\u00a0\u00bb.vc_custom_1551787869088{padding-left: 0px !important;}\u00a0\u00bb][vc_empty_space height=\u00a0\u00bb50px\u00a0\u00bb][vc_raw_html]JTNDYSUyMGhyZWYlM0QlMjJodHRwcyUzQSUyRiUyRnd3dy55b3V0dWJlLmNvbSUyRndhdGNoJTNGdiUzRHY5OWd1alNtVnBvJTI2ZmVhdHVyZSUzRHlvdXR1LmJlJTIyJTIwc3R5bGUlM0QlMjJjb2xvciUzQWJsYWNrJTNCYm94LXNoYWRvdyUzQSUyMG5vbmUlMjAlMjFpbXBvcnRhbnQlM0IlMjIlMjBjbGFzcyUzRCUyMnctbGluay1idXR0b24lMjBmYW5jeWJveCUyMiUzRXBsdXMlMjBkJTI3aW5mb3MlM0MlMkZhJTNF[\/vc_raw_html][\/vc_column_inner][\/vc_row_inner][\/vc_column][\/vc_row][vc_row][vc_column][wyde_action_box title=\u00a0\u00bbVoir Evohom en Action\u00a0\u00bb bg_color=\u00a0\u00bbrgba(196,223,237,0.5)\u00a0\u00bb button_text=\u00a0\u00bbFaire une d\u00e9mo\u00a0\u00bb link=\u00a0\u00bburl:https%3A%2F%2Fcalendly.com%2Fevohom%2Fdemo%3Fmonth%3D2020-04|||\u00a0\u00bb css=\u00a0\u00bb.vc_custom_1586960924166{background-color: rgba(196,223,237,0.5) !important;*background-color: rgb(196,223,237) !important;}\u00a0\u00bb]Voir les caract\u00e9ristiques r\u00e9elles et jouer avec les options tout en personnalisant la maison de vos r\u00eaves.[\/wyde_action_box][\/vc_column][\/vc_row]<\/p>\n","protected":false},"excerpt":{"rendered":"<p>[vc_row el_class=\u00a0\u00bbacs-wide-section\u00a0\u00bb css=\u00a0\u00bb.vc_custom_1550661071574{padding-top: 200px !important;padding-bottom: 100px !important;}\u00a0\u00bb][vc_column animation=\u00a0\u00bbfadeIn\u00a0\u00bb][vc_raw_html]JTNDaDElMjBjbGFzcyUzRCUyMnRpdGxlLXRleHQlMjIlMjBzdHlsZSUzRCUyMmNvbG9yJTNBJTIwYmxhY2slMjIlM0UlMEFFdm9ob20lMjAyLjAlMEElM0MlMkZoMSUzRQ==[\/vc_raw_html][vc_empty_space height=\u00a0\u00bb10px\u00a0\u00bb][vc_column_text]Projettez-vous dans votre future propri\u00e9t\u00e9\u00a0en quelques clics gr\u00e2ce \u00e0 la nouvelle version de notre configurateur en ligne.[\/vc_column_text][\/vc_column][\/vc_row][vc_row el_class=\u00a0\u00bbacs-wide-section evohom-content\u00a0\u00bb][vc_column width=\u00a0\u00bb1\/2&Prime;][vc_single_image alignment=\u00a0\u00bbcenter\u00a0\u00bb image=\u00a0\u00bb7384&Prime; el_class=\u00a0\u00bbevohome-image\u00a0\u00bb][\/vc_column][vc_column width=\u00a0\u00bb5\/12&Prime; offset=\u00a0\u00bbvc_col-lg-offset-1 vc_col-md-offset-1&Prime;][wyde_heading subheading_tag=\u00a0\u00bbh2&Prime; style=\u00a0\u00bb2&Prime; text_align=\u00a0\u00bbleft\u00a0\u00bb title=\u00a0\u00bbRed\u00e9finir votre exp\u00e9rience de l\u2019achat de propri\u00e9t\u00e9\u00a0\u00bb heading_color=\u00a0\u00bb#000000&Prime; subheading_color=\u00a0\u00bb#000000&Prime; el_class=\u00a0\u00bbsection-title\u00a0\u00bb][vc_empty_space height=\u00a0\u00bb35px\u00a0\u00bb][vc_column_text]L\u2019achat d\u2019une maison dans un programme neuf n\u2019est [&hellip;]<\/p>\n","protected":false},"author":4,"featured_media":0,"parent":0,"menu_order":0,"comment_status":"closed","ping_status":"closed","template":"","meta":{"_monsterinsights_skip_tracking":false,"_monsterinsights_sitenote_active":false,"_monsterinsights_sitenote_note":"","_monsterinsights_sitenote_category":0},"yoast_head":"<!-- This site is optimized with the Yoast SEO plugin v16.2 - https:\/\/yoast.com\/wordpress\/plugins\/seo\/ -->\n<title>Evohom 2.0 - configurateur de maison &bull; Wild Dots<\/title>\n<meta name=\"description\" content=\"Evohom est le configurateur de maison en ligne qui offre des possibilit\u00e9s infinies et marque une r\u00e9volution dans l&#039;industrie. Cr\u00e9\u00e9 par la soci\u00e9t\u00e9 Wild Dots.\" \/>\n<meta name=\"robots\" content=\"index, follow, max-snippet:-1, max-image-preview:large, max-video-preview:-1\" \/>\n<link rel=\"canonical\" href=\"https:\/\/wild-dots.com\/fr\/evohom\/\" \/>\n<meta property=\"og:locale\" content=\"fr_FR\" \/>\n<meta property=\"og:type\" content=\"article\" \/>\n<meta property=\"og:title\" content=\"Evohom 2.0 - configurateur de maison &bull; Wild Dots\" \/>\n<meta property=\"og:description\" content=\"Evohom est le configurateur de maison en ligne qui offre des possibilit\u00e9s infinies et marque une r\u00e9volution dans l&#039;industrie. Cr\u00e9\u00e9 par la soci\u00e9t\u00e9 Wild Dots.\" \/>\n<meta property=\"og:url\" content=\"https:\/\/wild-dots.com\/fr\/evohom\/\" \/>\n<meta property=\"og:site_name\" content=\"Wild Dots\" \/>\n<meta property=\"article:publisher\" content=\"https:\/\/www.facebook.com\/wilddots1\/\" \/>\n<meta property=\"article:modified_time\" content=\"2020-07-27T07:16:35+00:00\" \/>\n<meta property=\"og:image\" content=\"https:\/\/wild-dots.com\/wp-content\/uploads\/2019\/02\/360.png\" \/>\n<meta name=\"twitter:card\" content=\"summary_large_image\" \/>\n<meta name=\"twitter:label1\" content=\"Dur\u00e9e de lecture est.\">\n\t<meta name=\"twitter:data1\" content=\"4 minutes\">\n<script type=\"application\/ld+json\" class=\"yoast-schema-graph\">{\"@context\":\"https:\/\/schema.org\",\"@graph\":[{\"@type\":\"Organization\",\"@id\":\"https:\/\/wild-dots.com\/#organization\",\"name\":\"Wild Dots\",\"url\":\"https:\/\/wild-dots.com\/\",\"sameAs\":[\"https:\/\/www.facebook.com\/wilddots1\/\",\"https:\/\/www.linkedin.com\/company\/wild-dots\/\"],\"logo\":{\"@type\":\"ImageObject\",\"@id\":\"https:\/\/wild-dots.com\/#logo\",\"inLanguage\":\"fr-FR\",\"url\":\"https:\/\/wild-dots.com\/wp-content\/uploads\/2019\/02\/wilddots_black.png\",\"contentUrl\":\"https:\/\/wild-dots.com\/wp-content\/uploads\/2019\/02\/wilddots_black.png\",\"width\":795,\"height\":213,\"caption\":\"Wild Dots\"},\"image\":{\"@id\":\"https:\/\/wild-dots.com\/#logo\"}},{\"@type\":\"WebSite\",\"@id\":\"https:\/\/wild-dots.com\/#website\",\"url\":\"https:\/\/wild-dots.com\/\",\"name\":\"Wild Dots\",\"description\":\"Innovative Digital Marketing Tools for Real Estate\",\"publisher\":{\"@id\":\"https:\/\/wild-dots.com\/#organization\"},\"potentialAction\":[{\"@type\":\"SearchAction\",\"target\":\"https:\/\/wild-dots.com\/?s={search_term_string}\",\"query-input\":\"required name=search_term_string\"}],\"inLanguage\":\"fr-FR\"},{\"@type\":\"ImageObject\",\"@id\":\"https:\/\/wild-dots.com\/fr\/evohom\/#primaryimage\",\"inLanguage\":\"fr-FR\",\"url\":\"https:\/\/wild-dots.com\/wp-content\/uploads\/2019\/02\/360.png\",\"contentUrl\":\"https:\/\/wild-dots.com\/wp-content\/uploads\/2019\/02\/360.png\",\"width\":91,\"height\":105},{\"@type\":\"WebPage\",\"@id\":\"https:\/\/wild-dots.com\/fr\/evohom\/#webpage\",\"url\":\"https:\/\/wild-dots.com\/fr\/evohom\/\",\"name\":\"Evohom 2.0 - configurateur de maison &bull; Wild Dots\",\"isPartOf\":{\"@id\":\"https:\/\/wild-dots.com\/#website\"},\"primaryImageOfPage\":{\"@id\":\"https:\/\/wild-dots.com\/fr\/evohom\/#primaryimage\"},\"datePublished\":\"2019-03-07T12:23:51+00:00\",\"dateModified\":\"2020-07-27T07:16:35+00:00\",\"description\":\"Evohom est le configurateur de maison en ligne qui offre des possibilit\\u00e9s infinies et marque une r\\u00e9volution dans l'industrie. Cr\\u00e9\\u00e9 par la soci\\u00e9t\\u00e9 Wild Dots.\",\"breadcrumb\":{\"@id\":\"https:\/\/wild-dots.com\/fr\/evohom\/#breadcrumb\"},\"inLanguage\":\"fr-FR\",\"potentialAction\":[{\"@type\":\"ReadAction\",\"target\":[\"https:\/\/wild-dots.com\/fr\/evohom\/\"]}]},{\"@type\":\"BreadcrumbList\",\"@id\":\"https:\/\/wild-dots.com\/fr\/evohom\/#breadcrumb\",\"itemListElement\":[{\"@type\":\"ListItem\",\"position\":1,\"item\":{\"@type\":\"WebPage\",\"@id\":\"https:\/\/wild-dots.com\/fr\/\",\"url\":\"https:\/\/wild-dots.com\/fr\/\",\"name\":\"Home\"}},{\"@type\":\"ListItem\",\"position\":2,\"item\":{\"@id\":\"https:\/\/wild-dots.com\/fr\/evohom\/#webpage\"}}]}]}<\/script>\n<!-- \/ Yoast SEO plugin. -->","_links":{"self":[{"href":"https:\/\/wild-dots.com\/fr\/wp-json\/wp\/v2\/pages\/8464"}],"collection":[{"href":"https:\/\/wild-dots.com\/fr\/wp-json\/wp\/v2\/pages"}],"about":[{"href":"https:\/\/wild-dots.com\/fr\/wp-json\/wp\/v2\/types\/page"}],"author":[{"embeddable":true,"href":"https:\/\/wild-dots.com\/fr\/wp-json\/wp\/v2\/users\/4"}],"replies":[{"embeddable":true,"href":"https:\/\/wild-dots.com\/fr\/wp-json\/wp\/v2\/comments?post=8464"}],"version-history":[{"count":54,"href":"https:\/\/wild-dots.com\/fr\/wp-json\/wp\/v2\/pages\/8464\/revisions"}],"predecessor-version":[{"id":9203,"href":"https:\/\/wild-dots.com\/fr\/wp-json\/wp\/v2\/pages\/8464\/revisions\/9203"}],"wp:attachment":[{"href":"https:\/\/wild-dots.com\/fr\/wp-json\/wp\/v2\/media?parent=8464"}],"curies":[{"name":"wp","href":"https:\/\/api.w.org\/{rel}","templated":true}]}}