{"id":8472,"date":"2019-03-07T12:33:40","date_gmt":"2019-03-07T12:33:40","guid":{"rendered":"https:\/\/wild-dots.com\/?page_id=8472"},"modified":"2020-04-22T08:32:49","modified_gmt":"2020-04-22T08:32:49","slug":"solutions","status":"publish","type":"page","link":"https:\/\/wild-dots.com\/fr\/solutions\/","title":{"rendered":"Les solutions PropTech"},"content":{"rendered":"<p>[vc_row css=\u00a0\u00bb.vc_custom_1550137209170{padding-top: 200px !important;padding-bottom: 30px !important;}\u00a0\u00bb el_class=\u00a0\u00bbacs-wide-section\u00a0\u00bb][vc_column animation=\u00a0\u00bbfadeIn\u00a0\u00bb][vc_raw_html]JTNDaDElMjBjbGFzcyUzRCUyMnRpdGxlLXRleHQlMjIlM0UlMEElMEElM0MlMkZoMSUzRQ==[\/vc_raw_html][\/vc_column][\/vc_row][vc_row el_class=\u00a0\u00bbacs-wide-section\u00a0\u00bb][vc_column width=\u00a0\u00bb1\/2&Prime; css=\u00a0\u00bb.vc_custom_1551446157257{padding-top: 50px !important;}\u00a0\u00bb][wyde_heading subheading_tag=\u00a0\u00bbh2&Prime; style=\u00a0\u00bb2&Prime; text_align=\u00a0\u00bbleft\u00a0\u00bb title=\u00a0\u00bbDes Outils Personnalis\u00e9s pour les Promoteurs Immobiliers de demain\u00a0\u00bb heading_color=\u00a0\u00bb#ffffff\u00a0\u00bb subheading_color=\u00a0\u00bb#ffffff\u00a0\u00bb el_class=\u00a0\u00bbsection-title\u00a0\u00bb][vc_empty_space el_class=\u00a0\u00bbhidden-md hidden-lg\u00a0\u00bb][vc_single_image alignment=\u00a0\u00bbcenter\u00a0\u00bb image=\u00a0\u00bb6957&Prime;][\/vc_column][vc_column width=\u00a0\u00bb1\/2&Prime; css=\u00a0\u00bb.vc_custom_1551088020542{padding-top: 100px !important;padding-bottom: 100px !important;}\u00a0\u00bb][vc_empty_space][vc_column_text]Le secteur de l\u2019immobilier est tr\u00e8s comp\u00e9titif ; les acqu\u00e9reurs sont toujours \u00e0 la recherche de ce facteur d\u00e9cisif qui leur permettra d\u2019acheter leur nouvelle propri\u00e9t\u00e9 rapidement. Comment faire pour sortir de l\u2019ordinaire et en m\u00eame temps offrir une exp\u00e9rience d\u2019achat inoubliable au public?[\/vc_column_text][vc_empty_space height=\u00a0\u00bb35px\u00a0\u00bb][vc_empty_space el_class=\u00a0\u00bbhidden-md hidden-lg\u00a0\u00bb][vc_raw_html]JTNDYSUyMGhyZWYlM0QlMjJodHRwcyUzQSUyRiUyRnZpbWVvLmNvbSUyRjMxMDMxMTUxOSUyMiUyMGNsYXNzJTNEJTIydy1saW5rLWJ1dHRvbiUyMGZhbmN5Ym94JTIyJTNFcGx1cyUyMGQlMjdpbmZvcyUzQyUyRmElM0U=[\/vc_raw_html][vc_empty_space height=\u00a0\u00bb50px\u00a0\u00bb el_class=\u00a0\u00bbhidden-md hidden-lg\u00a0\u00bb][\/vc_column][\/vc_row][vc_row el_class=\u00a0\u00bbacs-wide-section\u00a0\u00bb css=\u00a0\u00bb.vc_custom_1550138725924{padding-top: 150px !important;padding-bottom: 100px !important;}\u00a0\u00bb][vc_column width=\u00a0\u00bb5\/12&Prime;][vc_column_text]<\/p>\n<p><img loading=\"lazy\" class=\"floated-image alignnone wp-image-6955\" src=\"https:\/\/wild-dots.com\/wp-content\/uploads\/2019\/02\/wild-eyes-min.png\" alt=\"\" width=\"76\" height=\"69\" \/>Wild Dots utilise un \u00e9cosyst\u00e8me de solutions comprenant la visualisation 3D, l\u2019application de r\u00e9alit\u00e9 augment\u00e9e, l\u2019analyse de donn\u00e9es et bien plus encore pour cr\u00e9er des exp\u00e9riences interactives pour les clients.<\/p>\n<p>[\/vc_column_text][\/vc_column][vc_column width=\u00a0\u00bb5\/12&Prime; offset=\u00a0\u00bbvc_col-lg-offset-1 vc_col-md-offset-1&Prime;][vc_column_text]<img loading=\"lazy\" class=\"floated-image alignnone wp-image-6956\" src=\"https:\/\/wild-dots.com\/wp-content\/uploads\/2019\/02\/wild-house-min.png\" alt=\"\" width=\"76\" height=\"77\" \/>\u00c9quip\u00e9 de notre bo\u00eete \u00e0 outils de solutions, les promoteurs immobiliers peuvent vendre plus rapidement. Notre \u00e9quipe est d\u00e9di\u00e9e \u00e0 vous soutenir. D\u00e8s que vous d\u00e9marrez, un chef de projet servira de point focal pour tous vos besoins du d\u00e9but \u00e0 la fin.[\/vc_column_text][\/vc_column][\/vc_row][vc_row css=\u00a0\u00bb.vc_custom_1551684762134{padding-top: 100px !important;padding-bottom: 30px !important;}\u00a0\u00bb el_class=\u00a0\u00bbacs-wide-section hidden-sm hidden-lg\u00a0\u00bb][vc_column offset=\u00a0\u00bbvc_col-lg-offset-0 vc_col-md-offset-0&Prime; animation=\u00a0\u00bbfadeIn\u00a0\u00bb animation_delay=\u00a0\u00bb0.4&Prime;][vc_empty_space height=\u00a0\u00bb50px\u00a0\u00bb][wyde_separator el_width=\u00a0\u00bb100%\u00a0\u00bb color=\u00a0\u00bb#ffffff\u00a0\u00bb][vc_empty_space height=\u00a0\u00bb50px\u00a0\u00bb][\/vc_column][\/vc_row][vc_row css=\u00a0\u00bb.vc_custom_1550139100588{padding-top: 100px !important;padding-bottom: 30px !important;}\u00a0\u00bb el_class=\u00a0\u00bbacs-wide-section\u00a0\u00bb][vc_column width=\u00a0\u00bb1\/2&Prime; offset=\u00a0\u00bbvc_col-lg-offset-0 vc_col-md-offset-0&Prime; animation=\u00a0\u00bbfadeIn\u00a0\u00bb animation_delay=\u00a0\u00bb0.4&Prime;][wyde_heading title_tag=\u00a0\u00bbh1&Prime; text_align=\u00a0\u00bbleft\u00a0\u00bb title=\u00a0\u00bbApplications\u00a0\u00bb heading_color=\u00a0\u00bb#ffffff\u00a0\u00bb el_class=\u00a0\u00bbsection-title\u00a0\u00bb][\/vc_column][\/vc_row][vc_row el_class=\u00a0\u00bbacs-wide-section\u00a0\u00bb][vc_column width=\u00a0\u00bb5\/12&Prime; css=\u00a0\u00bb.vc_custom_1551088059867{padding-top: 100px !important;}\u00a0\u00bb][wyde_heading subheading_tag=\u00a0\u00bbh2&Prime; style=\u00a0\u00bb2&Prime; text_align=\u00a0\u00bbleft\u00a0\u00bb title=\u00a0\u00bbAssurer La R\u00e9ussite \u00e0 l\u2019\u00c8re Num\u00e9rique\u00a0\u00bb heading_color=\u00a0\u00bb#ffffff\u00a0\u00bb subheading_color=\u00a0\u00bb#ffffff\u00a0\u00bb el_class=\u00a0\u00bbsection-title software-title\u00a0\u00bb][vc_empty_space][vc_column_text]Nous cr\u00e9ons des applications sur mesure, con\u00e7ues pour aborder votre probl\u00e8me d\u2019achat sp\u00e9cifique. Vous voulez en savoir plus sur votre public potentiel ? Vous souhaitez int\u00e9grer une visualisation 3D interactive de votre propri\u00e9t\u00e9 ? Vous voulez permettre aux clients de r\u00e9server une propri\u00e9t\u00e9 en ligne et faire des paiements pr\u00e9alables ? Nous cr\u00e9ons des logiciels, des applications et des interfaces de programmation d\u2019applications sur mesure en fonction de vos besoins, de votre budget et de vos ressources. [\/vc_column_text][vc_empty_space height=\u00a0\u00bb40px\u00a0\u00bb][vc_column_text css=\u00a0\u00bb.vc_custom_1551962239053{padding-left: 50px !important;}\u00a0\u00bb]<img loading=\"lazy\" class=\"floated-image alignnone wp-image-6996\" src=\"https:\/\/wild-dots.com\/wp-content\/uploads\/2019\/02\/wild-phone.png\" alt=\"\" width=\"42\" height=\"72\" \/>Avec une interface facile \u00e0 utiliser, de nombreuses options de personnalisation et des tarifs comp\u00e9titifs, les solutions logicielles de Wild Dots cr\u00e9ent des exp\u00e9riences immersives pour les clients sur tous les types d\u2019appareils.[\/vc_column_text][vc_empty_space height=\u00a0\u00bb40px\u00a0\u00bb][vc_empty_space el_class=\u00a0\u00bbhidden-md hidden-lg\u00a0\u00bb][vc_raw_html]JTNDYSUyMGhyZWYlM0QlMjIlMkZmciUyRmV2b2hvbSUyMiUyMGNsYXNzJTNEJTIydy1saW5rLWJ1dHRvbiUyMGJ0bi1leHBsb2RlLTElMjIlM0VwbHVzJTIwZCVFMiU4MCU5OWluZm9zJTIwJTNDJTJGYSUzRQ==[\/vc_raw_html][vc_empty_space height=\u00a0\u00bb130px\u00a0\u00bb][\/vc_column][vc_column width=\u00a0\u00bb5\/12&Prime; css=\u00a0\u00bb.vc_custom_1551779747576{padding: 0px !important;}\u00a0\u00bb animation=\u00a0\u00bbfadeIn\u00a0\u00bb animation_delay=\u00a0\u00bb1.5&Prime; offset=\u00a0\u00bbvc_col-lg-offset-1 vc_col-md-offset-1 vc_hidden-sm vc_hidden-xs\u00a0\u00bb][vc_single_image alignment=\u00a0\u00bbcenter\u00a0\u00bb image=\u00a0\u00bb6982&Prime;][\/vc_column][\/vc_row]<\/p>\n","protected":false},"excerpt":{"rendered":"<p>[vc_row css=\u00a0\u00bb.vc_custom_1550137209170{padding-top: 200px !important;padding-bottom: 30px !important;}\u00a0\u00bb el_class=\u00a0\u00bbacs-wide-section\u00a0\u00bb][vc_column animation=\u00a0\u00bbfadeIn\u00a0\u00bb][vc_raw_html]JTNDaDElMjBjbGFzcyUzRCUyMnRpdGxlLXRleHQlMjIlM0UlMEElMEElM0MlMkZoMSUzRQ==[\/vc_raw_html][\/vc_column][\/vc_row][vc_row el_class=\u00a0\u00bbacs-wide-section\u00a0\u00bb][vc_column width=\u00a0\u00bb1\/2&Prime; css=\u00a0\u00bb.vc_custom_1551446157257{padding-top: 50px !important;}\u00a0\u00bb][wyde_heading subheading_tag=\u00a0\u00bbh2&Prime; style=\u00a0\u00bb2&Prime; text_align=\u00a0\u00bbleft\u00a0\u00bb title=\u00a0\u00bbDes Outils Personnalis\u00e9s pour les Promoteurs Immobiliers de demain\u00a0\u00bb heading_color=\u00a0\u00bb#ffffff\u00a0\u00bb subheading_color=\u00a0\u00bb#ffffff\u00a0\u00bb el_class=\u00a0\u00bbsection-title\u00a0\u00bb][vc_empty_space el_class=\u00a0\u00bbhidden-md hidden-lg\u00a0\u00bb][vc_single_image alignment=\u00a0\u00bbcenter\u00a0\u00bb image=\u00a0\u00bb6957&Prime;][\/vc_column][vc_column width=\u00a0\u00bb1\/2&Prime; css=\u00a0\u00bb.vc_custom_1551088020542{padding-top: 100px !important;padding-bottom: 100px !important;}\u00a0\u00bb][vc_empty_space][vc_column_text]Le secteur de l\u2019immobilier est tr\u00e8s comp\u00e9titif ; les acqu\u00e9reurs sont toujours \u00e0 la recherche de ce facteur [&hellip;]<\/p>\n","protected":false},"author":4,"featured_media":0,"parent":0,"menu_order":0,"comment_status":"closed","ping_status":"closed","template":"","meta":{"_monsterinsights_skip_tracking":false,"_monsterinsights_sitenote_active":false,"_monsterinsights_sitenote_note":"","_monsterinsights_sitenote_category":0},"yoast_head":"<!-- This site is optimized with the Yoast SEO plugin v16.2 - https:\/\/yoast.com\/wordpress\/plugins\/seo\/ -->\n<title>Les solutions PropTech &bull; Wild Dots<\/title>\n<meta name=\"description\" content=\"D\u00e9couvrez les solutions PropTech de Wild Dots, notamment la visualisation 3D, les applications de r\u00e9alit\u00e9 augment\u00e9e, l&#039;analyse de donn\u00e9es et bien plus encore pour l&#039;experience interactive de nos clients.\" \/>\n<meta name=\"robots\" content=\"index, follow, max-snippet:-1, max-image-preview:large, max-video-preview:-1\" \/>\n<link rel=\"canonical\" href=\"https:\/\/wild-dots.com\/fr\/solutions\/\" \/>\n<meta property=\"og:locale\" content=\"fr_FR\" \/>\n<meta property=\"og:type\" content=\"article\" \/>\n<meta property=\"og:title\" content=\"Les solutions PropTech &bull; Wild Dots\" \/>\n<meta property=\"og:description\" content=\"D\u00e9couvrez les solutions PropTech de Wild Dots, notamment la visualisation 3D, les applications de r\u00e9alit\u00e9 augment\u00e9e, l&#039;analyse de donn\u00e9es et bien plus encore pour l&#039;experience interactive de nos clients.\" \/>\n<meta property=\"og:url\" content=\"https:\/\/wild-dots.com\/fr\/solutions\/\" \/>\n<meta property=\"og:site_name\" content=\"Wild Dots\" \/>\n<meta property=\"article:publisher\" content=\"https:\/\/www.facebook.com\/wilddots1\/\" \/>\n<meta property=\"article:modified_time\" content=\"2020-04-22T08:32:49+00:00\" \/>\n<meta property=\"og:image\" content=\"https:\/\/wild-dots.com\/wp-content\/uploads\/2019\/02\/wild-eyes-min.png\" \/>\n<meta name=\"twitter:card\" content=\"summary_large_image\" \/>\n<meta name=\"twitter:label1\" content=\"Dur\u00e9e de lecture est.\">\n\t<meta name=\"twitter:data1\" content=\"3 minutes\">\n<script type=\"application\/ld+json\" class=\"yoast-schema-graph\">{\"@context\":\"https:\/\/schema.org\",\"@graph\":[{\"@type\":\"Organization\",\"@id\":\"https:\/\/wild-dots.com\/#organization\",\"name\":\"Wild Dots\",\"url\":\"https:\/\/wild-dots.com\/\",\"sameAs\":[\"https:\/\/www.facebook.com\/wilddots1\/\",\"https:\/\/www.linkedin.com\/company\/wild-dots\/\"],\"logo\":{\"@type\":\"ImageObject\",\"@id\":\"https:\/\/wild-dots.com\/#logo\",\"inLanguage\":\"fr-FR\",\"url\":\"https:\/\/wild-dots.com\/wp-content\/uploads\/2019\/02\/wilddots_black.png\",\"contentUrl\":\"https:\/\/wild-dots.com\/wp-content\/uploads\/2019\/02\/wilddots_black.png\",\"width\":795,\"height\":213,\"caption\":\"Wild Dots\"},\"image\":{\"@id\":\"https:\/\/wild-dots.com\/#logo\"}},{\"@type\":\"WebSite\",\"@id\":\"https:\/\/wild-dots.com\/#website\",\"url\":\"https:\/\/wild-dots.com\/\",\"name\":\"Wild Dots\",\"description\":\"Innovative Digital Marketing Tools for Real Estate\",\"publisher\":{\"@id\":\"https:\/\/wild-dots.com\/#organization\"},\"potentialAction\":[{\"@type\":\"SearchAction\",\"target\":\"https:\/\/wild-dots.com\/?s={search_term_string}\",\"query-input\":\"required name=search_term_string\"}],\"inLanguage\":\"fr-FR\"},{\"@type\":\"ImageObject\",\"@id\":\"https:\/\/wild-dots.com\/fr\/solutions\/#primaryimage\",\"inLanguage\":\"fr-FR\",\"url\":\"https:\/\/wild-dots.com\/wp-content\/uploads\/2019\/02\/wild-eyes-min.png\",\"contentUrl\":\"https:\/\/wild-dots.com\/wp-content\/uploads\/2019\/02\/wild-eyes-min.png\",\"width\":92,\"height\":84},{\"@type\":\"WebPage\",\"@id\":\"https:\/\/wild-dots.com\/fr\/solutions\/#webpage\",\"url\":\"https:\/\/wild-dots.com\/fr\/solutions\/\",\"name\":\"Les solutions PropTech &bull; Wild Dots\",\"isPartOf\":{\"@id\":\"https:\/\/wild-dots.com\/#website\"},\"primaryImageOfPage\":{\"@id\":\"https:\/\/wild-dots.com\/fr\/solutions\/#primaryimage\"},\"datePublished\":\"2019-03-07T12:33:40+00:00\",\"dateModified\":\"2020-04-22T08:32:49+00:00\",\"description\":\"D\\u00e9couvrez les solutions PropTech de Wild Dots, notamment la visualisation 3D, les applications de r\\u00e9alit\\u00e9 augment\\u00e9e, l'analyse de donn\\u00e9es et bien plus encore pour l'experience interactive de nos clients.\",\"breadcrumb\":{\"@id\":\"https:\/\/wild-dots.com\/fr\/solutions\/#breadcrumb\"},\"inLanguage\":\"fr-FR\",\"potentialAction\":[{\"@type\":\"ReadAction\",\"target\":[\"https:\/\/wild-dots.com\/fr\/solutions\/\"]}]},{\"@type\":\"BreadcrumbList\",\"@id\":\"https:\/\/wild-dots.com\/fr\/solutions\/#breadcrumb\",\"itemListElement\":[{\"@type\":\"ListItem\",\"position\":1,\"item\":{\"@type\":\"WebPage\",\"@id\":\"https:\/\/wild-dots.com\/fr\/\",\"url\":\"https:\/\/wild-dots.com\/fr\/\",\"name\":\"Home\"}},{\"@type\":\"ListItem\",\"position\":2,\"item\":{\"@id\":\"https:\/\/wild-dots.com\/fr\/solutions\/#webpage\"}}]}]}<\/script>\n<!-- \/ Yoast SEO plugin. -->","_links":{"self":[{"href":"https:\/\/wild-dots.com\/fr\/wp-json\/wp\/v2\/pages\/8472"}],"collection":[{"href":"https:\/\/wild-dots.com\/fr\/wp-json\/wp\/v2\/pages"}],"about":[{"href":"https:\/\/wild-dots.com\/fr\/wp-json\/wp\/v2\/types\/page"}],"author":[{"embeddable":true,"href":"https:\/\/wild-dots.com\/fr\/wp-json\/wp\/v2\/users\/4"}],"replies":[{"embeddable":true,"href":"https:\/\/wild-dots.com\/fr\/wp-json\/wp\/v2\/comments?post=8472"}],"version-history":[{"count":18,"href":"https:\/\/wild-dots.com\/fr\/wp-json\/wp\/v2\/pages\/8472\/revisions"}],"predecessor-version":[{"id":9004,"href":"https:\/\/wild-dots.com\/fr\/wp-json\/wp\/v2\/pages\/8472\/revisions\/9004"}],"wp:attachment":[{"href":"https:\/\/wild-dots.com\/fr\/wp-json\/wp\/v2\/media?parent=8472"}],"curies":[{"name":"wp","href":"https:\/\/api.w.org\/{rel}","templated":true}]}}