{"id":8486,"date":"2019-03-07T12:50:25","date_gmt":"2019-03-07T12:50:25","guid":{"rendered":"https:\/\/wild-dots.com\/?page_id=8486"},"modified":"2021-01-13T10:08:35","modified_gmt":"2021-01-13T10:08:35","slug":"contact","status":"publish","type":"page","link":"https:\/\/wild-dots.com\/fr\/contact\/","title":{"rendered":"Contact"},"content":{"rendered":"<p>[vc_row el_class=\u00a0\u00bbacs-wide-section\u00a0\u00bb css=\u00a0\u00bb.vc_custom_1550748960548{padding-top: 200px !important;padding-bottom: 0px !important;}\u00a0\u00bb][vc_column animation=\u00a0\u00bbfadeIn\u00a0\u00bb][vc_raw_html]JTNDaDElMjBjbGFzcyUzRCUyMnRpdGxlLXRleHQlMjIlM0UlMEFVbiUyMG5vdXZlYXUlMjBwcm9qZXQlM0YlMEElM0MlMkZoMSUzRQ==[\/vc_raw_html][vc_empty_space el_class=\u00a0\u00bbhidden-sm hidden-xs\u00a0\u00bb][vc_column_text]<\/p>\n<h3>Discutons-en autour d&rsquo;un caf\u00e9<\/h3>\n<p>[\/vc_column_text][vc_empty_space height=\u00a0\u00bb10px\u00a0\u00bb el_class=\u00a0\u00bbhidden-lg hidden-md\u00a0\u00bb][vc_raw_html]JTNDZGl2JTIwY2xhc3MlM0QlMjJoaWRkZW4tbGclMjBoaWRkZW4tbWQlMjIlM0UlM0NkaXYlMjBjbGFzcyUzRCUyMmxvY2F0aW9uLWVsZW0lMjBhY3RpdmUlMjIlMjBkYXRhLWRvdCUzRCUyMmd2YS1kb3QlMjIlM0UlMEElMjAlMjAlM0NpbWclMjB3aWR0aCUzRCUyMjgwJTIyJTIwaGVpZ2h0JTNEJTIyMTEwJTIyJTIwc3JjJTNEJTIyJTJGd3AtY29udGVudCUyRnVwbG9hZHMlMkYyMDE5JTJGMDIlMkZndmEtaWNvbi5wbmclMjIlMjBjbGFzcyUzRCUyMmF0dGFjaG1lbnQtZnVsbCUyMHNpemUtZnVsbCUyMiUyMGFsdCUzRCUyMiUyMiUzRSUyMCUyMCUyMCUwQSUyMCUyMCUzQ3AlMjBzdHlsZSUzRCUyMnRleHQtYWxpZ24lM0ElMjBjZW50ZXIlM0IlMjIlM0VHVkElM0MlMkZwJTNFJTBBJTNDJTJGZGl2JTNFJTBBJTNDJTIxLS0lMEElM0NkaXYlMjBjbGFzcyUzRCUyMmxvY2F0aW9uLWVsZW0lMjIlMjBkYXRhLWRvdCUzRCUyMmR4Yi1kb3QlMjIlM0UlMEElMjAlMjAlM0NpbWclMjBzdHlsZSUzRCUyMmhlaWdodCUzQSUyMDEyMHB4JTNCJTIyJTIwd2lkdGglM0QlMjI4MCUyMiUyMGhlaWdodCUzRCUyMjExMCUyMiUyMHNyYyUzRCUyMiUyRndwLWNvbnRlbnQlMkZ1cGxvYWRzJTJGMjAxOSUyRjAyJTJGZHhiLWljb24ucG5nJTIyJTIwY2xhc3MlM0QlMjJhdHRhY2htZW50LWZ1bGwlMjBzaXplLWZ1bGwlMjIlMjBhbHQlM0QlMjIlMjIlM0UlMjAlMjAlMjAlMjAlMEElMjAlMjAlM0NwJTIwc3R5bGUlM0QlMjJ0ZXh0LWFsaWduJTNBJTIwY2VudGVyJTNCJTIyJTNFRFhCJTNDJTJGcCUzRSUwQSUzQyUyRmRpdiUzRSUwQS0tJTNFJTBBJTNDZGl2JTIwY2xhc3MlM0QlMjJsb2NhdGlvbi1lbGVtJTIyJTIwZGF0YS1kb3QlM0QlMjJiY24tZG90JTIyJTNFJTBBJTIwJTIwJTNDaW1nJTIwd2lkdGglM0QlMjI4MCUyMiUyMGhlaWdodCUzRCUyMjExMCUyMiUyMHNyYyUzRCUyMiUyRndwLWNvbnRlbnQlMkZ1cGxvYWRzJTJGMjAxOSUyRjAyJTJGYmNuLWljb24ucG5nJTIyJTIwY2xhc3MlM0QlMjJhdHRhY2htZW50LWZ1bGwlMjBzaXplLWZ1bGwlMjIlMjBhbHQlM0QlMjIlMjIlM0UlMjAlMjAlMjAlMEElMjAlMjAlM0NwJTIwc3R5bGUlM0QlMjJ0ZXh0LWFsaWduJTNBJTIwY2VudGVyJTNCJTIyJTNFQkNOJTNDJTJGcCUzRSUwQSUzQyUyRmRpdiUzRSUwQSUwQSUzQ2RpdiUyMGNsYXNzJTNEJTIybG9jYXRpb24tZWxlbSUyMiUyMGRhdGEtZG90JTNEJTIyYXRsLWRvdCUyMiUzRSUwQSUyMCUyMCUzQ2ltZyUyMHdpZHRoJTNEJTIyODAlMjIlMjBoZWlnaHQlM0QlMjIxMTAlMjIlMjBzcmMlM0QlMjIlMkZ3cC1jb250ZW50JTJGdXBsb2FkcyUyRjIwMTklMkYwMiUyRmF0bC1pY29uLnBuZyUyMiUyMGNsYXNzJTNEJTIyYXR0YWNobWVudC1mdWxsJTIwc2l6ZS1mdWxsJTIyJTIwYWx0JTNEJTIyJTIyJTNFJTIwJTIwJTIwJTBBJTIwJTIwJTNDcCUyMHN0eWxlJTNEJTIydGV4dC1hbGlnbiUzQSUyMGNlbnRlciUzQiUyMiUzRUFUTCUzQyUyRnAlM0UlMEElM0MlMkZkaXYlM0UlMEElM0MlMkZkaXYlM0U=[\/vc_raw_html][\/vc_column][\/vc_row][vc_row css=\u00a0\u00bb.vc_custom_1550493411471{padding-top: 0px !important;padding-bottom: 0px !important;}\u00a0\u00bb el_class=\u00a0\u00bbacs-wide-section\u00a0\u00bb][vc_column width=\u00a0\u00bb7\/12&Prime; animation=\u00a0\u00bbfadeIn\u00a0\u00bb animation_delay=\u00a0\u00bb0.4&Prime; offset=\u00a0\u00bbvc_col-lg-offset-5 vc_col-md-offset-5&Prime;][vc_raw_html]JTNDZGl2JTIwY2xhc3MlM0QlMjJsb2NhdGlvbi1kZXNjJTIwYmNuLWRvdCUyMiUzRSUwQUF2ZW5pZGElMjBSZXAlQzMlQkFibGljYSUyMEFyZ2VudGluYSUyMDE5JTJDJTIwRW50cmVzdWVsbyUyMDQlMjAlM0NiciUyRiUzRSUyMCUwQTA4MDIzJTIwLSUyMEJhcmNlbG9uYSUwQSUwQSUzQ2RpdiUyMGNsYXNzJTNEJTIyZ29vZ2xlLW1hcCUyMiUzRSUwQSUzQ2ElMjBocmVmJTNEJTIyaHR0cHMlM0ElMkYlMkZnb28uZ2wlMkZtYXBzJTJGeFpWdmtLSHRacE4yJTIyJTIwdGFyZ2V0JTNEJTIyX2JsYW5rJTIyJTNFU2VlJTIwb24lMjBHb29nbGUlMjBNYXBzJTNDJTJGYSUzRSUwQSUzQyUyRmRpdiUzRSUwQSUwQSUzQyUyRmRpdiUzRSUwQSUzQ2RpdiUyMGNsYXNzJTNEJTIybG9jYXRpb24tZGVzYyUyMGd2YS1kb3QlMjBhY3RpdmUlMjIlM0UlMEElMjAlMjAlMjBDaGVtaW4lMjBkZSUyMGxhJTIwUGV0aXRlJTIwLSUyMEJvaXNzaSVDMyVBOHJlJTIwNDIlMjAlM0NiciUyRiUzRSUwQTEyMDglMjAtJTIwR2VuZXZhJTNDYnIlM0UlMEFQJTNBJTIwJTJCNDElMjA3NiUyMDQ2MSUyMDk5JTIwNzElM0NiciUzRSUwQUUlM0ElMjAlM0NhJTIwaHJlZiUzRCUyMm1haWx0byUzQWhlbGxvJTQwd2lsZC1kb3RzLmNvbSUyMiUzRWhlbGxvJTQwd2lsZC1kb3RzLmNvbSUzQyUyRmElM0UlMEElMEElM0NkaXYlMjBjbGFzcyUzRCUyMmdvb2dsZS1tYXAlMjIlM0UlMEElM0NhJTIwaHJlZiUzRCUyMmh0dHBzJTNBJTJGJTJGZ29vLmdsJTJGbWFwcyUyRmlwNmNDbzYyRE1xJTIyJTIwdGFyZ2V0JTNEJTIyX2JsYW5rJTIyJTNFU2VlJTIwb24lMjBHb29nbGUlMjBNYXBzJTNDJTJGYSUzRSUwQSUzQyUyRmRpdiUzRSUwQSUzQyUyRmRpdiUzRSUwQSUwQSUzQ2RpdiUyMGNsYXNzJTNEJTIybG9jYXRpb24tZGVzYyUyMGF0bC1kb3QlMjIlM0UlMEElMjAlMjAlMjA4NDcwJTIwSG9sY29tYiUyMEJyaWRnZSUyMFJkJTIwU3RlJTIwMjAwJTIwJTNDYnIlMkYlM0UlMEFBbHBoYXJldHRhJTJDJTIwMzAwMjIlMjBHZW9yZ2lhJTBBJTBBJTNDZGl2JTIwY2xhc3MlM0QlMjJnb29nbGUtbWFwJTIyJTNFJTBBJTNDYSUyMCUyMGhyZWYlM0QlMjJodHRwcyUzQSUyRiUyRmdvby5nbCUyRm1hcHMlMkZlMkt1UmRhYVNucyUyMiUyMHRhcmdldCUzRCUyMl9ibGFuayUyMiUzRVNlZSUyMG9uJTIwR29vZ2xlJTIwTWFwcyUzQyUyRmElM0UlMEElM0MlMkZkaXYlM0UlMEElM0MlMkZkaXYlM0UlMEElM0NkaXYlMjBjbGFzcyUzRCUyMmxvY2F0aW9uLWRlc2MlMjBkeGItZG90JTIyJTNFJTBBJTNDJTIxLS0lMjAlMjAlMjAlMjBDJTJGRW4lMjBkdWJhaSUyMDEyMyUyMCUzQ2JyJTJGJTNFJTBBMDgwMTUlMjAtJTIwQmFyY2Vsb25hJTIwLSUyMFNwYWluLS0lM0UlMEElM0NkaXYlMjBjbGFzcyUzRCUyMmdvb2dsZS1tYXAlMjIlM0UlMEElM0NhJTIwaHJlZiUzRCUyMmh0dHBzJTNBJTJGJTJGZ29vLmdsJTJGbWFwcyUyRkpGSGNSOUNtYUIyMiUyMiUyMHRhcmdldCUzRCUyMl9ibGFuayUyMiUzRVNlZSUyMG9uJTIwR29vZ2xlJTIwTWFwcyUzQyUyRmElM0UlMEElM0MlMkZkaXYlM0UlMEElM0MlMkZkaXYlM0U=[\/vc_raw_html][\/vc_column][\/vc_row][vc_row el_class=\u00a0\u00bbacs-wide-section\u00a0\u00bb css=\u00a0\u00bb.vc_custom_1550748388370{padding-top: 0px !important;}\u00a0\u00bb][vc_column text_align=\u00a0\u00bbcenter\u00a0\u00bb width=\u00a0\u00bb1\/3&Prime; animation=\u00a0\u00bbfadeIn\u00a0\u00bb animation_delay=\u00a0\u00bb0.4&Prime; offset=\u00a0\u00bbvc_hidden-sm vc_hidden-xs\u00a0\u00bb][vc_empty_space height=\u00a0\u00bb40px\u00a0\u00bb el_class=\u00a0\u00bbhidden-md hidden-lg\u00a0\u00bb][vc_raw_html]JTNDZGl2JTIwY2xhc3MlM0QlMjJsb2NhdGlvbi1lbGVtJTIwYWN0aXZlJTIyJTIwZGF0YS1kb3QlM0QlMjJndmEtZG90JTIyJTNFJTBBJTIwJTIwJTNDaW1nJTIwd2lkdGglM0QlMjI4MCUyMiUyMGhlaWdodCUzRCUyMjExMCUyMiUyMHNyYyUzRCUyMiUyRndwLWNvbnRlbnQlMkZ1cGxvYWRzJTJGMjAxOSUyRjAyJTJGZ3ZhLWljb24ucG5nJTIyJTIwY2xhc3MlM0QlMjJhdHRhY2htZW50LWZ1bGwlMjBzaXplLWZ1bGwlMjIlMjBhbHQlM0QlMjIlMjIlM0UlMjAlMjAlMjAlMEElMjAlMjAlM0NwJTIwc3R5bGUlM0QlMjJ0ZXh0LWFsaWduJTNBJTIwY2VudGVyJTNCJTIyJTNFR1ZBJTNDJTJGcCUzRSUwQSUzQyUyRmRpdiUzRSUwQSUzQyUyMS0tJTBBJTNDZGl2JTIwY2xhc3MlM0QlMjJsb2NhdGlvbi1lbGVtJTIyJTIwZGF0YS1kb3QlM0QlMjJkeGItZG90JTIyJTNFJTBBJTIwJTIwJTNDaW1nJTIwc3R5bGUlM0QlMjJoZWlnaHQlM0ElMjAxMjBweCUzQiUyMiUyMHdpZHRoJTNEJTIyODAlMjIlMjBoZWlnaHQlM0QlMjIxMTAlMjIlMjBzcmMlM0QlMjIlMkZ3cC1jb250ZW50JTJGdXBsb2FkcyUyRjIwMTklMkYwMiUyRmR4Yi1pY29uLnBuZyUyMiUyMGNsYXNzJTNEJTIyYXR0YWNobWVudC1mdWxsJTIwc2l6ZS1mdWxsJTIyJTIwYWx0JTNEJTIyJTIyJTNFJTIwJTIwJTIwJTIwJTBBJTIwJTIwJTNDcCUyMHN0eWxlJTNEJTIydGV4dC1hbGlnbiUzQSUyMGNlbnRlciUzQiUyMiUzRURYQiUzQyUyRnAlM0UlMEElM0MlMkZkaXYlM0UlMEEtLSUzRSUwQSUzQ2RpdiUyMGNsYXNzJTNEJTIybG9jYXRpb24tZWxlbSUyMiUyMGRhdGEtZG90JTNEJTIyYmNuLWRvdCUyMiUzRSUwQSUyMCUyMCUzQ2ltZyUyMHdpZHRoJTNEJTIyODAlMjIlMjBoZWlnaHQlM0QlMjIxMTAlMjIlMjBzcmMlM0QlMjIlMkZ3cC1jb250ZW50JTJGdXBsb2FkcyUyRjIwMTklMkYwMiUyRmJjbi1pY29uLnBuZyUyMiUyMGNsYXNzJTNEJTIyYXR0YWNobWVudC1mdWxsJTIwc2l6ZS1mdWxsJTIyJTIwYWx0JTNEJTIyJTIyJTNFJTIwJTIwJTIwJTBBJTIwJTIwJTNDcCUyMHN0eWxlJTNEJTIydGV4dC1hbGlnbiUzQSUyMGNlbnRlciUzQiUyMiUzRUJDTiUzQyUyRnAlM0UlMEElM0MlMkZkaXYlM0UlMEElMEElM0NkaXYlMjBjbGFzcyUzRCUyMmxvY2F0aW9uLWVsZW0lMjIlMjBkYXRhLWRvdCUzRCUyMmF0bC1kb3QlMjIlM0UlMEElMjAlMjAlM0NpbWclMjB3aWR0aCUzRCUyMjgwJTIyJTIwaGVpZ2h0JTNEJTIyMTEwJTIyJTIwc3JjJTNEJTIyJTJGd3AtY29udGVudCUyRnVwbG9hZHMlMkYyMDE5JTJGMDIlMkZhdGwtaWNvbi5wbmclMjIlMjBjbGFzcyUzRCUyMmF0dGFjaG1lbnQtZnVsbCUyMHNpemUtZnVsbCUyMiUyMGFsdCUzRCUyMiUyMiUzRSUyMCUyMCUyMCUwQSUyMCUyMCUzQ3AlMjBzdHlsZSUzRCUyMnRleHQtYWxpZ24lM0ElMjBjZW50ZXIlM0IlMjIlM0VBVEwlM0MlMkZwJTNFJTBBJTNDJTJGZGl2JTNFJTBB[\/vc_raw_html][\/vc_column][\/vc_row][vc_row el_class=\u00a0\u00bbacs-wide-section\u00a0\u00bb css=\u00a0\u00bb.vc_custom_1550748457197{padding-top: 0px !important;padding-bottom: 200px !important;}\u00a0\u00bb][vc_column width=\u00a0\u00bb1\/3&Prime; animation=\u00a0\u00bbfadeIn\u00a0\u00bb animation_delay=\u00a0\u00bb2&Prime;][vc_empty_space height=\u00a0\u00bb40px\u00a0\u00bb el_class=\u00a0\u00bbhidden-xs hidden-sm\u00a0\u00bb][vc_column_text]N&rsquo;h\u00e9sitez pas \u00e0 nous contacter si vous souhaitez discuter de votre prochain challenge&#8230; ou juste pour prendre un caf\u00e9 (gratuit) :).[\/vc_column_text][vc_empty_space]<div role=\"form\" class=\"wpcf7\" id=\"wpcf7-f8494-o1\" lang=\"en-US\" dir=\"ltr\">\n<div class=\"screen-reader-response\"><p role=\"status\" aria-live=\"polite\" aria-atomic=\"true\"><\/p> <ul><\/ul><\/div>\n<form action=\"\/fr\/wp-json\/wp\/v2\/pages\/8486#wpcf7-f8494-o1\" method=\"post\" class=\"wpcf7-form init\" novalidate=\"novalidate\" data-status=\"init\">\n<div style=\"display: none;\">\n<input type=\"hidden\" name=\"_wpcf7\" value=\"8494\" \/>\n<input type=\"hidden\" name=\"_wpcf7_version\" value=\"5.4.1\" \/>\n<input type=\"hidden\" name=\"_wpcf7_locale\" value=\"en_US\" \/>\n<input type=\"hidden\" name=\"_wpcf7_unit_tag\" value=\"wpcf7-f8494-o1\" \/>\n<input type=\"hidden\" name=\"_wpcf7_container_post\" value=\"0\" \/>\n<input type=\"hidden\" name=\"_wpcf7_posted_data_hash\" value=\"\" \/>\n<\/div>\n<div class=\"contact-form\">\n<div class=\"col col-12 no-padding\">\n<p><span class=\"wpcf7-form-control-wrap your-name\"><input type=\"text\" name=\"your-name\" value=\"\" size=\"40\" class=\"wpcf7-form-control wpcf7-text wpcf7-validates-as-required\" aria-required=\"true\" aria-invalid=\"false\" placeholder=\"Pr\u00e9nom *\" \/><\/span><\/p>\n<\/div>\n<div class=\"col col-12 no-padding\">\n<p><span class=\"wpcf7-form-control-wrap your-email\"><input type=\"email\" name=\"your-email\" value=\"\" size=\"40\" class=\"wpcf7-form-control wpcf7-text wpcf7-email wpcf7-validates-as-required wpcf7-validates-as-email\" aria-required=\"true\" aria-invalid=\"false\" placeholder=\"E-mail *\" \/><\/span> <\/p>\n<\/div>\n<div class=\"col col-12 no-padding\">\n<p><span class=\"wpcf7-form-control-wrap company\"><input type=\"text\" name=\"company\" value=\"\" size=\"40\" class=\"wpcf7-form-control wpcf7-text\" aria-invalid=\"false\" placeholder=\"Entreprise\" \/><\/span> <\/p>\n<\/div>\n<div class=\"col col-12 no-padding\">\n<p><span class=\"wpcf7-form-control-wrap your-message\"><textarea name=\"your-message\" cols=\"40\" rows=\"10\" class=\"wpcf7-form-control wpcf7-textarea\" aria-invalid=\"false\" placeholder=\"Votre Message *\"><\/textarea><\/span><\/p>\n<\/div>\n<div class=\"col col-12 no-padding\">\n<p style=\"text-align: right\">\n<!--<input style=\"height: auto; text-transform: none;\" class=\"w-link-button\" type=\"submit\" value=\"envoyer\" \/>--><br \/>\n<button id=\"submit\" class=\"wpcf7-form-control wpcf7-submit w-link-button\" type=\"submit\">envoyer<\/button><\/p>\n<\/div>\n<\/div>\n<div class=\"wpcf7-response-output\" aria-hidden=\"true\"><\/div><\/form><\/div>[vc_empty_space height=\u00a0\u00bb50px\u00a0\u00bb][\/vc_column][vc_column width=\u00a0\u00bb7\/12&Prime; animation=\u00a0\u00bbpulse\u00a0\u00bb animation_delay=\u00a0\u00bb1&Prime; offset=\u00a0\u00bbvc_col-lg-offset-1 vc_col-md-offset-1 vc_hidden-sm vc_hidden-xs\u00a0\u00bb css=\u00a0\u00bb.vc_custom_1551884245097{padding-top: 100px !important;}\u00a0\u00bb][vc_raw_html]JTNDZGl2JTIwY2xhc3MlM0QlMjJtYXAtY29udGFpbmVyJTIyJTNFJTBBJTNDaW1nJTIwc3JjJTNEJTIyJTJGd3AtY29udGVudCUyRnVwbG9hZHMlMkYyMDE5JTJGMDIlMkZtYXBhLnBuZyUyMiUyRiUzRSUwQSUwQSUzQ2RpdiUyMGNsYXNzJTNEJTIycmluZy1jb250YWluZXIlMjBiY24tZG90JTIyJTNFJTBBJTIwJTIwJTIwJTIwJTNDZGl2JTIwY2xhc3MlM0QlMjJyaW5ncmluZyUyMiUzRSUzQyUyRmRpdiUzRSUwQSUyMCUyMCUyMCUyMCUzQ2RpdiUyMGNsYXNzJTNEJTIyY2lyY2xlJTIwcHVsc2UtZG90JTIwYWN0aXZlJTIyJTNFJTNDJTJGZGl2JTNFJTBBJTIwJTIwJTIwJTIwJTNDc3BhbiUyMGNsYXNzJTNEJTIyZG90LXRvb2x0aXAlMjIlM0VCYXJjZWxvbmElM0MlMkZzcGFuJTNFJTNDJTJGc3BhbiUzRSUwQSUzQyUyRmRpdiUzRSUwQSUwQSUzQ2RpdiUyMGNsYXNzJTNEJTIycmluZy1jb250YWluZXIlMjBndmEtZG90JTIwYWN0aXZlJTIyJTNFJTBBJTIwJTIwJTIwJTIwJTNDZGl2JTIwY2xhc3MlM0QlMjJyaW5ncmluZyUyMiUzRSUzQyUyRmRpdiUzRSUwQSUyMCUyMCUyMCUyMCUzQ2RpdiUyMGNsYXNzJTNEJTIyY2lyY2xlJTIwcHVsc2UtZG90JTIyJTNFJTNDJTJGZGl2JTNFJTBBJTIwJTIwJTIwJTIwJTNDc3BhbiUyMGNsYXNzJTNEJTIyZG90LXRvb2x0aXAlMjIlM0VHZW5ldmElM0MlMkZzcGFuJTNFJTNDJTJGc3BhbiUzRSUwQSUzQyUyRmRpdiUzRSUwQSUzQyUyMS0tJTBBJTNDZGl2JTIwY2xhc3MlM0QlMjJyaW5nLWNvbnRhaW5lciUyMGR4Yi1kb3QlMjIlM0UlMEElMjAlMjAlMjAlMjAlM0NkaXYlMjBjbGFzcyUzRCUyMnJpbmdyaW5nJTIyJTNFJTNDJTJGZGl2JTNFJTBBJTIwJTIwJTIwJTIwJTNDZGl2JTIwY2xhc3MlM0QlMjJjaXJjbGUlMjBwdWxzZS1kb3QlMjIlM0UlM0MlMkZkaXYlM0UlMEElMjAlMjAlMjAlMjAlM0NzcGFuJTIwY2xhc3MlM0QlMjJkb3QtdG9vbHRpcCUyMiUzRUR1YmFpJTNDJTJGc3BhbiUzRSUzQyUyRnNwYW4lM0UlMEElM0MlMkZkaXYlM0UtLSUzRSUwQSUwQSUzQ2RpdiUyMGNsYXNzJTNEJTIycmluZy1jb250YWluZXIlMjBhdGwtZG90JTIyJTNFJTBBJTIwJTIwJTIwJTIwJTNDZGl2JTIwY2xhc3MlM0QlMjJyaW5ncmluZyUyMiUzRSUzQyUyRmRpdiUzRSUwQSUyMCUyMCUyMCUyMCUzQ2RpdiUyMGNsYXNzJTNEJTIyY2lyY2xlJTIwcHVsc2UtZG90JTIyJTNFJTNDJTJGZGl2JTNFJTBBJTIwJTIwJTIwJTIwJTNDc3BhbiUyMGNsYXNzJTNEJTIyZG90LXRvb2x0aXAlMjIlM0VBdGxhbnRhJTNDJTJGc3BhbiUzRSUzQyUyRnNwYW4lM0UlMEElM0MlMkZkaXYlM0UlMEElMEElMEElMEElM0MlMkZkaXYlM0U=[\/vc_raw_html][\/vc_column][\/vc_row]<\/p>\n","protected":false},"excerpt":{"rendered":"<p>[vc_row el_class=\u00a0\u00bbacs-wide-section\u00a0\u00bb css=\u00a0\u00bb.vc_custom_1550748960548{padding-top: 200px !important;padding-bottom: 0px !important;}\u00a0\u00bb][vc_column animation=\u00a0\u00bbfadeIn\u00a0\u00bb][vc_raw_html]JTNDaDElMjBjbGFzcyUzRCUyMnRpdGxlLXRleHQlMjIlM0UlMEFVbiUyMG5vdXZlYXUlMjBwcm9qZXQlM0YlMEElM0MlMkZoMSUzRQ==[\/vc_raw_html][vc_empty_space el_class=\u00a0\u00bbhidden-sm hidden-xs\u00a0\u00bb][vc_column_text] Discutons-en autour d&rsquo;un caf\u00e9 [\/vc_column_text][vc_empty_space height=\u00a0\u00bb10px\u00a0\u00bb el_class=\u00a0\u00bbhidden-lg hidden-md\u00a0\u00bb][vc_raw_html]JTNDZGl2JTIwY2xhc3MlM0QlMjJoaWRkZW4tbGclMjBoaWRkZW4tbWQlMjIlM0UlM0NkaXYlMjBjbGFzcyUzRCUyMmxvY2F0aW9uLWVsZW0lMjBhY3RpdmUlMjIlMjBkYXRhLWRvdCUzRCUyMmd2YS1kb3QlMjIlM0UlMEElMjAlMjAlM0NpbWclMjB3aWR0aCUzRCUyMjgwJTIyJTIwaGVpZ2h0JTNEJTIyMTEwJTIyJTIwc3JjJTNEJTIyJTJGd3AtY29udGVudCUyRnVwbG9hZHMlMkYyMDE5JTJGMDIlMkZndmEtaWNvbi5wbmclMjIlMjBjbGFzcyUzRCUyMmF0dGFjaG1lbnQtZnVsbCUyMHNpemUtZnVsbCUyMiUyMGFsdCUzRCUyMiUyMiUzRSUyMCUyMCUyMCUwQSUyMCUyMCUzQ3AlMjBzdHlsZSUzRCUyMnRleHQtYWxpZ24lM0ElMjBjZW50ZXIlM0IlMjIlM0VHVkElM0MlMkZwJTNFJTBBJTNDJTJGZGl2JTNFJTBBJTNDJTIxLS0lMEElM0NkaXYlMjBjbGFzcyUzRCUyMmxvY2F0aW9uLWVsZW0lMjIlMjBkYXRhLWRvdCUzRCUyMmR4Yi1kb3QlMjIlM0UlMEElMjAlMjAlM0NpbWclMjBzdHlsZSUzRCUyMmhlaWdodCUzQSUyMDEyMHB4JTNCJTIyJTIwd2lkdGglM0QlMjI4MCUyMiUyMGhlaWdodCUzRCUyMjExMCUyMiUyMHNyYyUzRCUyMiUyRndwLWNvbnRlbnQlMkZ1cGxvYWRzJTJGMjAxOSUyRjAyJTJGZHhiLWljb24ucG5nJTIyJTIwY2xhc3MlM0QlMjJhdHRhY2htZW50LWZ1bGwlMjBzaXplLWZ1bGwlMjIlMjBhbHQlM0QlMjIlMjIlM0UlMjAlMjAlMjAlMjAlMEElMjAlMjAlM0NwJTIwc3R5bGUlM0QlMjJ0ZXh0LWFsaWduJTNBJTIwY2VudGVyJTNCJTIyJTNFRFhCJTNDJTJGcCUzRSUwQSUzQyUyRmRpdiUzRSUwQS0tJTNFJTBBJTNDZGl2JTIwY2xhc3MlM0QlMjJsb2NhdGlvbi1lbGVtJTIyJTIwZGF0YS1kb3QlM0QlMjJiY24tZG90JTIyJTNFJTBBJTIwJTIwJTNDaW1nJTIwd2lkdGglM0QlMjI4MCUyMiUyMGhlaWdodCUzRCUyMjExMCUyMiUyMHNyYyUzRCUyMiUyRndwLWNvbnRlbnQlMkZ1cGxvYWRzJTJGMjAxOSUyRjAyJTJGYmNuLWljb24ucG5nJTIyJTIwY2xhc3MlM0QlMjJhdHRhY2htZW50LWZ1bGwlMjBzaXplLWZ1bGwlMjIlMjBhbHQlM0QlMjIlMjIlM0UlMjAlMjAlMjAlMEElMjAlMjAlM0NwJTIwc3R5bGUlM0QlMjJ0ZXh0LWFsaWduJTNBJTIwY2VudGVyJTNCJTIyJTNFQkNOJTNDJTJGcCUzRSUwQSUzQyUyRmRpdiUzRSUwQSUwQSUzQ2RpdiUyMGNsYXNzJTNEJTIybG9jYXRpb24tZWxlbSUyMiUyMGRhdGEtZG90JTNEJTIyYXRsLWRvdCUyMiUzRSUwQSUyMCUyMCUzQ2ltZyUyMHdpZHRoJTNEJTIyODAlMjIlMjBoZWlnaHQlM0QlMjIxMTAlMjIlMjBzcmMlM0QlMjIlMkZ3cC1jb250ZW50JTJGdXBsb2FkcyUyRjIwMTklMkYwMiUyRmF0bC1pY29uLnBuZyUyMiUyMGNsYXNzJTNEJTIyYXR0YWNobWVudC1mdWxsJTIwc2l6ZS1mdWxsJTIyJTIwYWx0JTNEJTIyJTIyJTNFJTIwJTIwJTIwJTBBJTIwJTIwJTNDcCUyMHN0eWxlJTNEJTIydGV4dC1hbGlnbiUzQSUyMGNlbnRlciUzQiUyMiUzRUFUTCUzQyUyRnAlM0UlMEElM0MlMkZkaXYlM0UlMEElM0MlMkZkaXYlM0U=[\/vc_raw_html][\/vc_column][\/vc_row][vc_row css=\u00a0\u00bb.vc_custom_1550493411471{padding-top: 0px !important;padding-bottom: 0px !important;}\u00a0\u00bb el_class=\u00a0\u00bbacs-wide-section\u00a0\u00bb][vc_column width=\u00a0\u00bb7\/12&Prime; animation=\u00a0\u00bbfadeIn\u00a0\u00bb animation_delay=\u00a0\u00bb0.4&Prime; offset=\u00a0\u00bbvc_col-lg-offset-5 vc_col-md-offset-5&Prime;][vc_raw_html]JTNDZGl2JTIwY2xhc3MlM0QlMjJsb2NhdGlvbi1kZXNjJTIwYmNuLWRvdCUyMiUzRSUwQUF2ZW5pZGElMjBSZXAlQzMlQkFibGljYSUyMEFyZ2VudGluYSUyMDE5JTJDJTIwRW50cmVzdWVsbyUyMDQlMjAlM0NiciUyRiUzRSUyMCUwQTA4MDIzJTIwLSUyMEJhcmNlbG9uYSUwQSUwQSUzQ2RpdiUyMGNsYXNzJTNEJTIyZ29vZ2xlLW1hcCUyMiUzRSUwQSUzQ2ElMjBocmVmJTNEJTIyaHR0cHMlM0ElMkYlMkZnb28uZ2wlMkZtYXBzJTJGeFpWdmtLSHRacE4yJTIyJTIwdGFyZ2V0JTNEJTIyX2JsYW5rJTIyJTNFU2VlJTIwb24lMjBHb29nbGUlMjBNYXBzJTNDJTJGYSUzRSUwQSUzQyUyRmRpdiUzRSUwQSUwQSUzQyUyRmRpdiUzRSUwQSUzQ2RpdiUyMGNsYXNzJTNEJTIybG9jYXRpb24tZGVzYyUyMGd2YS1kb3QlMjBhY3RpdmUlMjIlM0UlMEElMjAlMjAlMjBDaGVtaW4lMjBkZSUyMGxhJTIwUGV0aXRlJTIwLSUyMEJvaXNzaSVDMyVBOHJlJTIwNDIlMjAlM0NiciUyRiUzRSUwQTEyMDglMjAtJTIwR2VuZXZhJTNDYnIlM0UlMEFQJTNBJTIwJTJCNDElMjA3NiUyMDQ2MSUyMDk5JTIwNzElM0NiciUzRSUwQUUlM0ElMjAlM0NhJTIwaHJlZiUzRCUyMm1haWx0byUzQWhlbGxvJTQwd2lsZC1kb3RzLmNvbSUyMiUzRWhlbGxvJTQwd2lsZC1kb3RzLmNvbSUzQyUyRmElM0UlMEElMEElM0NkaXYlMjBjbGFzcyUzRCUyMmdvb2dsZS1tYXAlMjIlM0UlMEElM0NhJTIwaHJlZiUzRCUyMmh0dHBzJTNBJTJGJTJGZ29vLmdsJTJGbWFwcyUyRmlwNmNDbzYyRE1xJTIyJTIwdGFyZ2V0JTNEJTIyX2JsYW5rJTIyJTNFU2VlJTIwb24lMjBHb29nbGUlMjBNYXBzJTNDJTJGYSUzRSUwQSUzQyUyRmRpdiUzRSUwQSUzQyUyRmRpdiUzRSUwQSUwQSUzQ2RpdiUyMGNsYXNzJTNEJTIybG9jYXRpb24tZGVzYyUyMGF0bC1kb3QlMjIlM0UlMEElMjAlMjAlMjA4NDcwJTIwSG9sY29tYiUyMEJyaWRnZSUyMFJkJTIwU3RlJTIwMjAwJTIwJTNDYnIlMkYlM0UlMEFBbHBoYXJldHRhJTJDJTIwMzAwMjIlMjBHZW9yZ2lhJTBBJTBBJTNDZGl2JTIwY2xhc3MlM0QlMjJnb29nbGUtbWFwJTIyJTNFJTBBJTNDYSUyMCUyMGhyZWYlM0QlMjJodHRwcyUzQSUyRiUyRmdvby5nbCUyRm1hcHMlMkZlMkt1UmRhYVNucyUyMiUyMHRhcmdldCUzRCUyMl9ibGFuayUyMiUzRVNlZSUyMG9uJTIwR29vZ2xlJTIwTWFwcyUzQyUyRmElM0UlMEElM0MlMkZkaXYlM0UlMEElM0MlMkZkaXYlM0UlMEElM0NkaXYlMjBjbGFzcyUzRCUyMmxvY2F0aW9uLWRlc2MlMjBkeGItZG90JTIyJTNFJTBBJTNDJTIxLS0lMjAlMjAlMjAlMjBDJTJGRW4lMjBkdWJhaSUyMDEyMyUyMCUzQ2JyJTJGJTNFJTBBMDgwMTUlMjAtJTIwQmFyY2Vsb25hJTIwLSUyMFNwYWluLS0lM0UlMEElM0NkaXYlMjBjbGFzcyUzRCUyMmdvb2dsZS1tYXAlMjIlM0UlMEElM0NhJTIwaHJlZiUzRCUyMmh0dHBzJTNBJTJGJTJGZ29vLmdsJTJGbWFwcyUyRkpGSGNSOUNtYUIyMiUyMiUyMHRhcmdldCUzRCUyMl9ibGFuayUyMiUzRVNlZSUyMG9uJTIwR29vZ2xlJTIwTWFwcyUzQyUyRmElM0UlMEElM0MlMkZkaXYlM0UlMEElM0MlMkZkaXYlM0U=[\/vc_raw_html][\/vc_column][\/vc_row][vc_row el_class=\u00a0\u00bbacs-wide-section\u00a0\u00bb css=\u00a0\u00bb.vc_custom_1550748388370{padding-top: 0px !important;}\u00a0\u00bb][vc_column text_align=\u00a0\u00bbcenter\u00a0\u00bb width=\u00a0\u00bb1\/3&Prime; animation=\u00a0\u00bbfadeIn\u00a0\u00bb animation_delay=\u00a0\u00bb0.4&Prime; offset=\u00a0\u00bbvc_hidden-sm vc_hidden-xs\u00a0\u00bb][vc_empty_space height=\u00a0\u00bb40px\u00a0\u00bb el_class=\u00a0\u00bbhidden-md hidden-lg\u00a0\u00bb][vc_raw_html]JTNDZGl2JTIwY2xhc3MlM0QlMjJsb2NhdGlvbi1lbGVtJTIwYWN0aXZlJTIyJTIwZGF0YS1kb3QlM0QlMjJndmEtZG90JTIyJTNFJTBBJTIwJTIwJTNDaW1nJTIwd2lkdGglM0QlMjI4MCUyMiUyMGhlaWdodCUzRCUyMjExMCUyMiUyMHNyYyUzRCUyMiUyRndwLWNvbnRlbnQlMkZ1cGxvYWRzJTJGMjAxOSUyRjAyJTJGZ3ZhLWljb24ucG5nJTIyJTIwY2xhc3MlM0QlMjJhdHRhY2htZW50LWZ1bGwlMjBzaXplLWZ1bGwlMjIlMjBhbHQlM0QlMjIlMjIlM0UlMjAlMjAlMjAlMEElMjAlMjAlM0NwJTIwc3R5bGUlM0QlMjJ0ZXh0LWFsaWduJTNBJTIwY2VudGVyJTNCJTIyJTNFR1ZBJTNDJTJGcCUzRSUwQSUzQyUyRmRpdiUzRSUwQSUzQyUyMS0tJTBBJTNDZGl2JTIwY2xhc3MlM0QlMjJsb2NhdGlvbi1lbGVtJTIyJTIwZGF0YS1kb3QlM0QlMjJkeGItZG90JTIyJTNFJTBBJTIwJTIwJTNDaW1nJTIwc3R5bGUlM0QlMjJoZWlnaHQlM0ElMjAxMjBweCUzQiUyMiUyMHdpZHRoJTNEJTIyODAlMjIlMjBoZWlnaHQlM0QlMjIxMTAlMjIlMjBzcmMlM0QlMjIlMkZ3cC1jb250ZW50JTJGdXBsb2FkcyUyRjIwMTklMkYwMiUyRmR4Yi1pY29uLnBuZyUyMiUyMGNsYXNzJTNEJTIyYXR0YWNobWVudC1mdWxsJTIwc2l6ZS1mdWxsJTIyJTIwYWx0JTNEJTIyJTIyJTNFJTIwJTIwJTIwJTIwJTBBJTIwJTIwJTNDcCUyMHN0eWxlJTNEJTIydGV4dC1hbGlnbiUzQSUyMGNlbnRlciUzQiUyMiUzRURYQiUzQyUyRnAlM0UlMEElM0MlMkZkaXYlM0UlMEEtLSUzRSUwQSUzQ2RpdiUyMGNsYXNzJTNEJTIybG9jYXRpb24tZWxlbSUyMiUyMGRhdGEtZG90JTNEJTIyYmNuLWRvdCUyMiUzRSUwQSUyMCUyMCUzQ2ltZyUyMHdpZHRoJTNEJTIyODAlMjIlMjBoZWlnaHQlM0QlMjIxMTAlMjIlMjBzcmMlM0QlMjIlMkZ3cC1jb250ZW50JTJGdXBsb2FkcyUyRjIwMTklMkYwMiUyRmJjbi1pY29uLnBuZyUyMiUyMGNsYXNzJTNEJTIyYXR0YWNobWVudC1mdWxsJTIwc2l6ZS1mdWxsJTIyJTIwYWx0JTNEJTIyJTIyJTNFJTIwJTIwJTIwJTBBJTIwJTIwJTNDcCUyMHN0eWxlJTNEJTIydGV4dC1hbGlnbiUzQSUyMGNlbnRlciUzQiUyMiUzRUJDTiUzQyUyRnAlM0UlMEElM0MlMkZkaXYlM0UlMEElMEElM0NkaXYlMjBjbGFzcyUzRCUyMmxvY2F0aW9uLWVsZW0lMjIlMjBkYXRhLWRvdCUzRCUyMmF0bC1kb3QlMjIlM0UlMEElMjAlMjAlM0NpbWclMjB3aWR0aCUzRCUyMjgwJTIyJTIwaGVpZ2h0JTNEJTIyMTEwJTIyJTIwc3JjJTNEJTIyJTJGd3AtY29udGVudCUyRnVwbG9hZHMlMkYyMDE5JTJGMDIlMkZhdGwtaWNvbi5wbmclMjIlMjBjbGFzcyUzRCUyMmF0dGFjaG1lbnQtZnVsbCUyMHNpemUtZnVsbCUyMiUyMGFsdCUzRCUyMiUyMiUzRSUyMCUyMCUyMCUwQSUyMCUyMCUzQ3AlMjBzdHlsZSUzRCUyMnRleHQtYWxpZ24lM0ElMjBjZW50ZXIlM0IlMjIlM0VBVEwlM0MlMkZwJTNFJTBBJTNDJTJGZGl2JTNFJTBB[\/vc_raw_html][\/vc_column][\/vc_row][vc_row el_class=\u00a0\u00bbacs-wide-section\u00a0\u00bb css=\u00a0\u00bb.vc_custom_1550748457197{padding-top: 0px !important;padding-bottom: 200px !important;}\u00a0\u00bb][vc_column width=\u00a0\u00bb1\/3&Prime; animation=\u00a0\u00bbfadeIn\u00a0\u00bb animation_delay=\u00a0\u00bb2&Prime;][vc_empty_space height=\u00a0\u00bb40px\u00a0\u00bb el_class=\u00a0\u00bbhidden-xs hidden-sm\u00a0\u00bb][vc_column_text]N&rsquo;h\u00e9sitez pas [&hellip;]<\/p>\n","protected":false},"author":4,"featured_media":0,"parent":0,"menu_order":0,"comment_status":"closed","ping_status":"closed","template":"","meta":{"_monsterinsights_skip_tracking":false,"_monsterinsights_sitenote_active":false,"_monsterinsights_sitenote_note":"","_monsterinsights_sitenote_category":0},"yoast_head":"<!-- This site is optimized with the Yoast SEO plugin v16.2 - https:\/\/yoast.com\/wordpress\/plugins\/seo\/ -->\n<title>Contact &bull; Wild Dots<\/title>\n<meta name=\"description\" content=\"Contactez Wild Dots pour d\u00e9couvrir comment nos innovations PropTech peuvent \u00eatre une force motrice pour votre activit\u00e9 immobili\u00e8re. Profitez des innovations en mati\u00e8re de marketing num\u00e9rique.\" \/>\n<meta name=\"robots\" content=\"index, follow, max-snippet:-1, max-image-preview:large, max-video-preview:-1\" \/>\n<link rel=\"canonical\" href=\"https:\/\/wild-dots.com\/fr\/contact\/\" \/>\n<meta property=\"og:locale\" content=\"fr_FR\" \/>\n<meta property=\"og:type\" content=\"article\" \/>\n<meta property=\"og:title\" content=\"Contact &bull; Wild Dots\" \/>\n<meta property=\"og:description\" content=\"Contactez Wild Dots pour d\u00e9couvrir comment nos innovations PropTech peuvent \u00eatre une force motrice pour votre activit\u00e9 immobili\u00e8re. Profitez des innovations en mati\u00e8re de marketing num\u00e9rique.\" \/>\n<meta property=\"og:url\" content=\"https:\/\/wild-dots.com\/fr\/contact\/\" \/>\n<meta property=\"og:site_name\" content=\"Wild Dots\" \/>\n<meta property=\"article:publisher\" content=\"https:\/\/www.facebook.com\/wilddots1\/\" \/>\n<meta property=\"article:modified_time\" content=\"2021-01-13T10:08:35+00:00\" \/>\n<meta name=\"twitter:card\" content=\"summary_large_image\" \/>\n<meta name=\"twitter:label1\" content=\"Dur\u00e9e de lecture est.\">\n\t<meta name=\"twitter:data1\" content=\"1 minute\">\n<script type=\"application\/ld+json\" class=\"yoast-schema-graph\">{\"@context\":\"https:\/\/schema.org\",\"@graph\":[{\"@type\":\"Organization\",\"@id\":\"https:\/\/wild-dots.com\/#organization\",\"name\":\"Wild Dots\",\"url\":\"https:\/\/wild-dots.com\/\",\"sameAs\":[\"https:\/\/www.facebook.com\/wilddots1\/\",\"https:\/\/www.linkedin.com\/company\/wild-dots\/\"],\"logo\":{\"@type\":\"ImageObject\",\"@id\":\"https:\/\/wild-dots.com\/#logo\",\"inLanguage\":\"fr-FR\",\"url\":\"https:\/\/wild-dots.com\/wp-content\/uploads\/2019\/02\/wilddots_black.png\",\"contentUrl\":\"https:\/\/wild-dots.com\/wp-content\/uploads\/2019\/02\/wilddots_black.png\",\"width\":795,\"height\":213,\"caption\":\"Wild Dots\"},\"image\":{\"@id\":\"https:\/\/wild-dots.com\/#logo\"}},{\"@type\":\"WebSite\",\"@id\":\"https:\/\/wild-dots.com\/#website\",\"url\":\"https:\/\/wild-dots.com\/\",\"name\":\"Wild Dots\",\"description\":\"Innovative Digital Marketing Tools for Real Estate\",\"publisher\":{\"@id\":\"https:\/\/wild-dots.com\/#organization\"},\"potentialAction\":[{\"@type\":\"SearchAction\",\"target\":\"https:\/\/wild-dots.com\/?s={search_term_string}\",\"query-input\":\"required name=search_term_string\"}],\"inLanguage\":\"fr-FR\"},{\"@type\":\"WebPage\",\"@id\":\"https:\/\/wild-dots.com\/fr\/contact\/#webpage\",\"url\":\"https:\/\/wild-dots.com\/fr\/contact\/\",\"name\":\"Contact &bull; Wild Dots\",\"isPartOf\":{\"@id\":\"https:\/\/wild-dots.com\/#website\"},\"datePublished\":\"2019-03-07T12:50:25+00:00\",\"dateModified\":\"2021-01-13T10:08:35+00:00\",\"description\":\"Contactez Wild Dots pour d\\u00e9couvrir comment nos innovations PropTech peuvent \\u00eatre une force motrice pour votre activit\\u00e9 immobili\\u00e8re. Profitez des innovations en mati\\u00e8re de marketing num\\u00e9rique.\",\"breadcrumb\":{\"@id\":\"https:\/\/wild-dots.com\/fr\/contact\/#breadcrumb\"},\"inLanguage\":\"fr-FR\",\"potentialAction\":[{\"@type\":\"ReadAction\",\"target\":[\"https:\/\/wild-dots.com\/fr\/contact\/\"]}]},{\"@type\":\"BreadcrumbList\",\"@id\":\"https:\/\/wild-dots.com\/fr\/contact\/#breadcrumb\",\"itemListElement\":[{\"@type\":\"ListItem\",\"position\":1,\"item\":{\"@type\":\"WebPage\",\"@id\":\"https:\/\/wild-dots.com\/fr\/\",\"url\":\"https:\/\/wild-dots.com\/fr\/\",\"name\":\"Home\"}},{\"@type\":\"ListItem\",\"position\":2,\"item\":{\"@id\":\"https:\/\/wild-dots.com\/fr\/contact\/#webpage\"}}]}]}<\/script>\n<!-- \/ Yoast SEO plugin. -->","_links":{"self":[{"href":"https:\/\/wild-dots.com\/fr\/wp-json\/wp\/v2\/pages\/8486"}],"collection":[{"href":"https:\/\/wild-dots.com\/fr\/wp-json\/wp\/v2\/pages"}],"about":[{"href":"https:\/\/wild-dots.com\/fr\/wp-json\/wp\/v2\/types\/page"}],"author":[{"embeddable":true,"href":"https:\/\/wild-dots.com\/fr\/wp-json\/wp\/v2\/users\/4"}],"replies":[{"embeddable":true,"href":"https:\/\/wild-dots.com\/fr\/wp-json\/wp\/v2\/comments?post=8486"}],"version-history":[{"count":13,"href":"https:\/\/wild-dots.com\/fr\/wp-json\/wp\/v2\/pages\/8486\/revisions"}],"predecessor-version":[{"id":9386,"href":"https:\/\/wild-dots.com\/fr\/wp-json\/wp\/v2\/pages\/8486\/revisions\/9386"}],"wp:attachment":[{"href":"https:\/\/wild-dots.com\/fr\/wp-json\/wp\/v2\/media?parent=8486"}],"curies":[{"name":"wp","href":"https:\/\/api.w.org\/{rel}","templated":true}]}}